{"id":1409,"date":"2014-02-23T15:08:46","date_gmt":"2014-02-23T14:08:46","guid":{"rendered":"http:\/\/www.sgo-online.de\/astro\/?page_id=1409"},"modified":"2014-02-23T16:58:44","modified_gmt":"2014-02-23T15:58:44","slug":"astronomietag-2014","status":"publish","type":"page","link":"https:\/\/www.sgo-online.de\/astro\/astronomietag-2014\/","title":{"rendered":"Astronomietag 2014"},"content":{"rendered":"<p><a href=\"http:\/\/www.sgo-online.de\/astro\/wp-content\/uploads\/2014\/02\/astrotag2014-banner.jpg\"><img loading=\"lazy\" decoding=\"async\" class=\"aligncenter size-full wp-image-1413\" alt=\"Astronomietag 2014\" src=\"http:\/\/www.sgo-online.de\/astro\/wp-content\/uploads\/2014\/02\/astrotag2014-banner.jpg\" width=\"852\" height=\"261\" srcset=\"https:\/\/www.sgo-online.de\/astro\/wp-content\/uploads\/2014\/02\/astrotag2014-banner.jpg 852w, https:\/\/www.sgo-online.de\/astro\/wp-content\/uploads\/2014\/02\/astrotag2014-banner-300x91.jpg 300w, https:\/\/www.sgo-online.de\/astro\/wp-content\/uploads\/2014\/02\/astrotag2014-banner-250x76.jpg 250w, https:\/\/www.sgo-online.de\/astro\/wp-content\/uploads\/2014\/02\/astrotag2014-banner-150x45.jpg 150w\" sizes=\"auto, (max-width: 852px) 100vw, 852px\" \/><\/a><\/p>\n<p>Am 5. April findet wie jedes Jahr deutschlandweit der Astronomietag statt, organisiert von der Vereinigung der Sternfreunde. Ziel ist es, m\u00f6glichst vielen Menschen das Weltall und die Astronomie n\u00e4her zu bringen! Wie schon im letzten Jahr beteilige ich mich auch heuer wieder mit meinen Teleskopen an diesem astronomischen Event!<\/p>\n<p>Das Thema in diesem Jahr sind die &#8222;Weltraumw\u00fcsten&#8220;. Gemeint sind damit die Objekte in unserem Sonnensystem, deren Oberfl\u00e4chen als w\u00fcste Landschaften bekannt sind. Dazu geh\u00f6ren der Mond, der rote Planet Mars, die Kleinplaneten Ceres und Vesta, die Monde des Jupiter und Saturn &#8211; sie alle k\u00f6nnen wir, wenn das \u00a0Wetter passt, beobachten!<\/p>\n<p>Wer also Lust hat, einmal selbst die Sonne mit ihren Sonnenflecken, den Jupiter, Mars und Saturn und einige der vielen Sternhaufen, Nebel und Galaxien da drau\u00dfen durch ein Teleskop zu betrachten, hat am 5. April Gelegenheit dazu! (Selbstverst\u00e4ndlich kostenfrei \ud83d\ude42 )<\/p>\n<p>Los geht&#8217;s um 11 Uhr am Fl\u00f6\u00dferplatz in Landsberg. Wir werden drei verschiedene Teleskope auf die Sonne richten und uns die Aktivit\u00e4ten der Sonne, die aktuellen Sonnenflecken und Protuberanzen anschauen. Einfach vorbeikommen, bis ca. 15 Uhr bleiben die Teleskope auf die Sonne gerichtet!<\/p>\n<p>Wer den Nachthimmel genie\u00dfen will, hat dazu ab ca. 19:30 Uhr Gelegenheit. Da es in der Stadt zu hell ist, um die schwachen DeepSky-Objekte wie Nebel, Sternhaufen und Galaxien zu beobachten, werden die Teleskope in der N\u00e4he von Igling\/Rollm\u00fchle aufgestellt. F\u00fcr die Nachtbeobachtung bitte ich um Anmeldung, da man so besser planen kann und es mit zu vielen Leuten auch keinen Spa\u00df mehr macht. Also einfach bei mir per E-Mail oder am Astronomietag w\u00e4hrend der Sonnenbeobachtung bei mir direkt anmelden! Sollten es sehr viele Interessenten sein, mache biete ich gerne einen weiteren Beobachtungsabend an!<\/p>\n<p>Ich hoffe nat\u00fcrlich, dass das Wetter am 5. April mitspielt! Sollte dies wider erwarten nicht der Fall sein, werde ich selbstverst\u00e4ndlich einen Ausweichtermin anbieten!<\/p>\n<p style=\"text-align: center;\"><a href=\"http:\/\/www.sgo-online.de\/astro\/wp-content\/uploads\/2011\/06\/13-03-16-astronomietag.jpg\"><img loading=\"lazy\" decoding=\"async\" class=\"aligncenter  wp-image-1043\" title=\"Astronomietag 2013\" alt=\"Astronomietag 2013\" src=\"http:\/\/www.sgo-online.de\/astro\/wp-content\/uploads\/2011\/06\/13-03-16-astronomietag.jpg\" width=\"800\" height=\"533\" srcset=\"https:\/\/www.sgo-online.de\/astro\/wp-content\/uploads\/2011\/06\/13-03-16-astronomietag.jpg 800w, https:\/\/www.sgo-online.de\/astro\/wp-content\/uploads\/2011\/06\/13-03-16-astronomietag-300x199.jpg 300w, https:\/\/www.sgo-online.de\/astro\/wp-content\/uploads\/2011\/06\/13-03-16-astronomietag-225x150.jpg 225w\" sizes=\"auto, (max-width: 800px) 100vw, 800px\" \/><\/a><\/p>\n<p>&nbsp;<\/p>\n","protected":false},"excerpt":{"rendered":"<p>Am 5. April findet wie jedes Jahr deutschlandweit der Astronomietag statt, organisiert von der Vereinigung der Sternfreunde. Ziel ist es, m\u00f6glichst vielen Menschen das Weltall und die Astronomie n\u00e4her zu bringen! Wie schon im letzten Jahr beteilige ich mich auch heuer wieder mit meinen Teleskopen an diesem astronomischen Event! Das\u2026<\/p>\n<p class=\"continue-reading-button\"> <a class=\"continue-reading-link\" href=\"https:\/\/www.sgo-online.de\/astro\/astronomietag-2014\/\">Weiter lesen&#8230;.<i class=\"crycon-right-dir\"><\/i><\/a><\/p>\n","protected":false},"author":1,"featured_media":0,"parent":0,"menu_order":0,"comment_status":"open","ping_status":"open","template":"","meta":{"ngg_post_thumbnail":0,"footnotes":""},"class_list":["post-1409","page","type-page","status-publish","hentry"],"yoast_head":"<!-- This site is optimized with the Yoast SEO plugin v26.3 - https:\/\/yoast.com\/wordpress\/plugins\/seo\/ -->\n<title>Astronomietag 2014 - Stefans Gartenobservatorium<\/title>\n<meta name=\"robots\" content=\"index, follow, max-snippet:-1, max-image-preview:large, max-video-preview:-1\" \/>\n<link rel=\"canonical\" href=\"https:\/\/www.sgo-online.de\/astro\/astronomietag-2014\/\" \/>\n<meta property=\"og:locale\" content=\"de_DE\" \/>\n<meta property=\"og:type\" content=\"article\" \/>\n<meta property=\"og:title\" content=\"Astronomietag 2014 - Stefans Gartenobservatorium\" \/>\n<meta property=\"og:description\" content=\"Am 5. April findet wie jedes Jahr deutschlandweit der Astronomietag statt, organisiert von der Vereinigung der Sternfreunde. Ziel ist es, m\u00f6glichst vielen Menschen das Weltall und die Astronomie n\u00e4her zu bringen! Wie schon im letzten Jahr beteilige ich mich auch heuer wieder mit meinen Teleskopen an diesem astronomischen Event! Das\u2026 Weiter lesen....\" \/>\n<meta property=\"og:url\" content=\"https:\/\/www.sgo-online.de\/astro\/astronomietag-2014\/\" \/>\n<meta property=\"og:site_name\" content=\"Stefans Gartenobservatorium\" \/>\n<meta property=\"article:publisher\" content=\"https:\/\/www.facebook.com\/stefan.griessinger\" \/>\n<meta property=\"article:modified_time\" content=\"2014-02-23T15:58:44+00:00\" \/>\n<meta property=\"og:image\" content=\"http:\/\/www.sgo-online.de\/astro\/wp-content\/uploads\/2014\/02\/astrotag2014-banner.jpg\" \/>\n<meta name=\"twitter:card\" content=\"summary_large_image\" \/>\n<meta name=\"twitter:label1\" content=\"Gesch\u00e4tzte Lesezeit\" \/>\n\t<meta name=\"twitter:data1\" content=\"2\u00a0Minuten\" \/>\n<script type=\"application\/ld+json\" class=\"yoast-schema-graph\">{\"@context\":\"https:\/\/schema.org\",\"@graph\":[{\"@type\":\"WebPage\",\"@id\":\"https:\/\/www.sgo-online.de\/astro\/astronomietag-2014\/\",\"url\":\"https:\/\/www.sgo-online.de\/astro\/astronomietag-2014\/\",\"name\":\"Astronomietag 2014 - Stefans Gartenobservatorium\",\"isPartOf\":{\"@id\":\"https:\/\/www.sgo-online.de\/astro\/#website\"},\"primaryImageOfPage\":{\"@id\":\"https:\/\/www.sgo-online.de\/astro\/astronomietag-2014\/#primaryimage\"},\"image\":{\"@id\":\"https:\/\/www.sgo-online.de\/astro\/astronomietag-2014\/#primaryimage\"},\"thumbnailUrl\":\"http:\/\/www.sgo-online.de\/astro\/wp-content\/uploads\/2014\/02\/astrotag2014-banner.jpg\",\"datePublished\":\"2014-02-23T14:08:46+00:00\",\"dateModified\":\"2014-02-23T15:58:44+00:00\",\"breadcrumb\":{\"@id\":\"https:\/\/www.sgo-online.de\/astro\/astronomietag-2014\/#breadcrumb\"},\"inLanguage\":\"de\",\"potentialAction\":[{\"@type\":\"ReadAction\",\"target\":[\"https:\/\/www.sgo-online.de\/astro\/astronomietag-2014\/\"]}]},{\"@type\":\"ImageObject\",\"inLanguage\":\"de\",\"@id\":\"https:\/\/www.sgo-online.de\/astro\/astronomietag-2014\/#primaryimage\",\"url\":\"http:\/\/www.sgo-online.de\/astro\/wp-content\/uploads\/2014\/02\/astrotag2014-banner.jpg\",\"contentUrl\":\"http:\/\/www.sgo-online.de\/astro\/wp-content\/uploads\/2014\/02\/astrotag2014-banner.jpg\"},{\"@type\":\"BreadcrumbList\",\"@id\":\"https:\/\/www.sgo-online.de\/astro\/astronomietag-2014\/#breadcrumb\",\"itemListElement\":[{\"@type\":\"ListItem\",\"position\":1,\"name\":\"Home\",\"item\":\"https:\/\/www.sgo-online.de\/astro\/\"},{\"@type\":\"ListItem\",\"position\":2,\"name\":\"Astronomietag 2014\"}]},{\"@type\":\"WebSite\",\"@id\":\"https:\/\/www.sgo-online.de\/astro\/#website\",\"url\":\"https:\/\/www.sgo-online.de\/astro\/\",\"name\":\"Stefans Gartenobservatorium\",\"description\":\"30 Jahre on Tour to the Stars\",\"publisher\":{\"@id\":\"https:\/\/www.sgo-online.de\/astro\/#organization\"},\"potentialAction\":[{\"@type\":\"SearchAction\",\"target\":{\"@type\":\"EntryPoint\",\"urlTemplate\":\"https:\/\/www.sgo-online.de\/astro\/?s={search_term_string}\"},\"query-input\":{\"@type\":\"PropertyValueSpecification\",\"valueRequired\":true,\"valueName\":\"search_term_string\"}}],\"inLanguage\":\"de\"},{\"@type\":\"Organization\",\"@id\":\"https:\/\/www.sgo-online.de\/astro\/#organization\",\"name\":\"Stefans Gartenobservatorium\",\"url\":\"https:\/\/www.sgo-online.de\/astro\/\",\"logo\":{\"@type\":\"ImageObject\",\"inLanguage\":\"de\",\"@id\":\"https:\/\/www.sgo-online.de\/astro\/#\/schema\/logo\/image\/\",\"url\":\"https:\/\/www.sgo-online.de\/astro\/wp-content\/uploads\/2020\/11\/logo-astro-klama-bw.jpg\",\"contentUrl\":\"https:\/\/www.sgo-online.de\/astro\/wp-content\/uploads\/2020\/11\/logo-astro-klama-bw.jpg\",\"width\":1125,\"height\":1125,\"caption\":\"Stefans Gartenobservatorium\"},\"image\":{\"@id\":\"https:\/\/www.sgo-online.de\/astro\/#\/schema\/logo\/image\/\"},\"sameAs\":[\"https:\/\/www.facebook.com\/stefan.griessinger\",\"https:\/\/www.instagram.com\/sgo2000\/?hl=de\",\"https:\/\/www.youtube.com\/user\/natprax\"]}]}<\/script>\n<!-- \/ Yoast SEO plugin. -->","yoast_head_json":{"title":"Astronomietag 2014 - Stefans Gartenobservatorium","robots":{"index":"index","follow":"follow","max-snippet":"max-snippet:-1","max-image-preview":"max-image-preview:large","max-video-preview":"max-video-preview:-1"},"canonical":"https:\/\/www.sgo-online.de\/astro\/astronomietag-2014\/","og_locale":"de_DE","og_type":"article","og_title":"Astronomietag 2014 - Stefans Gartenobservatorium","og_description":"Am 5. April findet wie jedes Jahr deutschlandweit der Astronomietag statt, organisiert von der Vereinigung der Sternfreunde. Ziel ist es, m\u00f6glichst vielen Menschen das Weltall und die Astronomie n\u00e4her zu bringen! Wie schon im letzten Jahr beteilige ich mich auch heuer wieder mit meinen Teleskopen an diesem astronomischen Event! Das\u2026 Weiter lesen....","og_url":"https:\/\/www.sgo-online.de\/astro\/astronomietag-2014\/","og_site_name":"Stefans Gartenobservatorium","article_publisher":"https:\/\/www.facebook.com\/stefan.griessinger","article_modified_time":"2014-02-23T15:58:44+00:00","og_image":[{"url":"http:\/\/www.sgo-online.de\/astro\/wp-content\/uploads\/2014\/02\/astrotag2014-banner.jpg","type":"","width":"","height":""}],"twitter_card":"summary_large_image","twitter_misc":{"Gesch\u00e4tzte Lesezeit":"2\u00a0Minuten"},"schema":{"@context":"https:\/\/schema.org","@graph":[{"@type":"WebPage","@id":"https:\/\/www.sgo-online.de\/astro\/astronomietag-2014\/","url":"https:\/\/www.sgo-online.de\/astro\/astronomietag-2014\/","name":"Astronomietag 2014 - Stefans Gartenobservatorium","isPartOf":{"@id":"https:\/\/www.sgo-online.de\/astro\/#website"},"primaryImageOfPage":{"@id":"https:\/\/www.sgo-online.de\/astro\/astronomietag-2014\/#primaryimage"},"image":{"@id":"https:\/\/www.sgo-online.de\/astro\/astronomietag-2014\/#primaryimage"},"thumbnailUrl":"http:\/\/www.sgo-online.de\/astro\/wp-content\/uploads\/2014\/02\/astrotag2014-banner.jpg","datePublished":"2014-02-23T14:08:46+00:00","dateModified":"2014-02-23T15:58:44+00:00","breadcrumb":{"@id":"https:\/\/www.sgo-online.de\/astro\/astronomietag-2014\/#breadcrumb"},"inLanguage":"de","potentialAction":[{"@type":"ReadAction","target":["https:\/\/www.sgo-online.de\/astro\/astronomietag-2014\/"]}]},{"@type":"ImageObject","inLanguage":"de","@id":"https:\/\/www.sgo-online.de\/astro\/astronomietag-2014\/#primaryimage","url":"http:\/\/www.sgo-online.de\/astro\/wp-content\/uploads\/2014\/02\/astrotag2014-banner.jpg","contentUrl":"http:\/\/www.sgo-online.de\/astro\/wp-content\/uploads\/2014\/02\/astrotag2014-banner.jpg"},{"@type":"BreadcrumbList","@id":"https:\/\/www.sgo-online.de\/astro\/astronomietag-2014\/#breadcrumb","itemListElement":[{"@type":"ListItem","position":1,"name":"Home","item":"https:\/\/www.sgo-online.de\/astro\/"},{"@type":"ListItem","position":2,"name":"Astronomietag 2014"}]},{"@type":"WebSite","@id":"https:\/\/www.sgo-online.de\/astro\/#website","url":"https:\/\/www.sgo-online.de\/astro\/","name":"Stefans Gartenobservatorium","description":"30 Jahre on Tour to the Stars","publisher":{"@id":"https:\/\/www.sgo-online.de\/astro\/#organization"},"potentialAction":[{"@type":"SearchAction","target":{"@type":"EntryPoint","urlTemplate":"https:\/\/www.sgo-online.de\/astro\/?s={search_term_string}"},"query-input":{"@type":"PropertyValueSpecification","valueRequired":true,"valueName":"search_term_string"}}],"inLanguage":"de"},{"@type":"Organization","@id":"https:\/\/www.sgo-online.de\/astro\/#organization","name":"Stefans Gartenobservatorium","url":"https:\/\/www.sgo-online.de\/astro\/","logo":{"@type":"ImageObject","inLanguage":"de","@id":"https:\/\/www.sgo-online.de\/astro\/#\/schema\/logo\/image\/","url":"https:\/\/www.sgo-online.de\/astro\/wp-content\/uploads\/2020\/11\/logo-astro-klama-bw.jpg","contentUrl":"https:\/\/www.sgo-online.de\/astro\/wp-content\/uploads\/2020\/11\/logo-astro-klama-bw.jpg","width":1125,"height":1125,"caption":"Stefans Gartenobservatorium"},"image":{"@id":"https:\/\/www.sgo-online.de\/astro\/#\/schema\/logo\/image\/"},"sameAs":["https:\/\/www.facebook.com\/stefan.griessinger","https:\/\/www.instagram.com\/sgo2000\/?hl=de","https:\/\/www.youtube.com\/user\/natprax"]}]}},"_links":{"self":[{"href":"https:\/\/www.sgo-online.de\/astro\/wp-json\/wp\/v2\/pages\/1409","targetHints":{"allow":["GET"]}}],"collection":[{"href":"https:\/\/www.sgo-online.de\/astro\/wp-json\/wp\/v2\/pages"}],"about":[{"href":"https:\/\/www.sgo-online.de\/astro\/wp-json\/wp\/v2\/types\/page"}],"author":[{"embeddable":true,"href":"https:\/\/www.sgo-online.de\/astro\/wp-json\/wp\/v2\/users\/1"}],"replies":[{"embeddable":true,"href":"https:\/\/www.sgo-online.de\/astro\/wp-json\/wp\/v2\/comments?post=1409"}],"version-history":[{"count":4,"href":"https:\/\/www.sgo-online.de\/astro\/wp-json\/wp\/v2\/pages\/1409\/revisions"}],"predecessor-version":[{"id":1411,"href":"https:\/\/www.sgo-online.de\/astro\/wp-json\/wp\/v2\/pages\/1409\/revisions\/1411"}],"wp:attachment":[{"href":"https:\/\/www.sgo-online.de\/astro\/wp-json\/wp\/v2\/media?parent=1409"}],"curies":[{"name":"wp","href":"https:\/\/api.w.org\/{rel}","templated":true}]}}