{"id":1745,"date":"2014-07-10T14:03:14","date_gmt":"2014-07-10T12:03:14","guid":{"rendered":"http:\/\/www.sgo-online.de\/astro\/?page_id=1745"},"modified":"2015-10-01T12:28:06","modified_gmt":"2015-10-01T10:28:06","slug":"vhs2015","status":"publish","type":"page","link":"https:\/\/www.sgo-online.de\/astro\/vhs2015\/","title":{"rendered":"Astronomie in Theorie und Praxis"},"content":{"rendered":"<p><a href=\"http:\/\/www.sgo-online.de\/astro\/wp-content\/uploads\/2014\/07\/astrokurs2015.jpg\"><img loading=\"lazy\" decoding=\"async\" class=\"aligncenter size-large wp-image-2494\" src=\"http:\/\/www.sgo-online.de\/astro\/wp-content\/uploads\/2014\/07\/astrokurs2015-1024x683.jpg\" alt=\"astrokurs2015\" width=\"800\" height=\"534\" srcset=\"https:\/\/www.sgo-online.de\/astro\/wp-content\/uploads\/2014\/07\/astrokurs2015-1024x683.jpg 1024w, https:\/\/www.sgo-online.de\/astro\/wp-content\/uploads\/2014\/07\/astrokurs2015-300x200.jpg 300w, https:\/\/www.sgo-online.de\/astro\/wp-content\/uploads\/2014\/07\/astrokurs2015-225x150.jpg 225w, https:\/\/www.sgo-online.de\/astro\/wp-content\/uploads\/2014\/07\/astrokurs2015-150x100.jpg 150w, https:\/\/www.sgo-online.de\/astro\/wp-content\/uploads\/2014\/07\/astrokurs2015.jpg 1200w\" sizes=\"auto, (max-width: 800px) 100vw, 800px\" \/><\/a><\/p>\n<h3 style=\"text-align: center;\">! Der Kurs f\u00fcr Oktober 2015 muss leider ausfallen ! Neue Termine werden demn\u00e4chst bekannt gegeben!<\/h3>\n<p>Der Sternenhimmel fasziniert und beeindruckt die Menschen seit Alters her. Geschichten, Mythologien und sogar die Zukunft wurde aus dem Himmel abgelesen. Mit der Erfindung des Fernrohrs und den ersten Blicken von Galileo Galilei auf die Monde des Jupiters wurde sogar unser Weltbild ver\u00e4ndert.<\/p>\n<p>F\u00fcr alle,die ebenfalls der Faszination der Sterne und der unendlichen Weiten des Alls erlegen sind, ist dieser Kurs gedacht. Der Kurs besteht aus einem theoretischen Teil, in dem die Grundlagen astronomischer Beobachtung vermittelt werden: Wie finde ich mich am Himmel zurecht? Was kann ich wann beobachten? Wie bewegen sich die Himmelsk\u00f6rper am Firmament. Des Weiteren werden die wichtigsten Teleskoparten und deren Verwendung vorgestellt &#8211; perfekt wenn Ihr vorhabt, Euch selbst eine solche Himmelskanone zuzulegen. Im praktischen Teil geht es mit meinen Teleskopen hinaus in die Nacht, denn schlie\u00dflich geht es ja um das Erleben astronomischer Beobachtungen! F\u00fcr die Teilnehmer stehen diverse Teleskope von 3&#8243;-16&#8243;Zoll \u00d6ffnung zur \u00a0Verf\u00fcgung. Wer m\u00f6chte, kann gerne auch sein eigenes Teleskop zu den Beobachtungsabenden mitbringen!<\/p>\n<p>W\u00e4hrend des Kurses k\u00f6nnen kostenlos Fachzeitschriften und B\u00fccher ausgeliehen werden! Ein Hand out zum Kurs wird ebenfalls zur Verf\u00fcgung gestellt! \u00a0Achtung: Wetterbedingt ist eine Verschiebung der Termine f\u00fcr die Beobachtungsabende nach Absprache m\u00f6glich (wir wollen ja \u00a0Sterne und nicht Wolken\u00a0oder gar\u00a0Regentropfen beobachten!).<\/p>\n<p>Termine:<\/p>\n<p>Donnerstag, 01. Oktober 2015 \u00a0 \u00a0 \u00a019:00 &#8211; 21:00 Uhr: Teil 1: Unser Himmel bei Nacht (in der VHS Landsberg)<br \/>\nFreitag, \u00a0 \u00a0 \u00a0 \u00a0 09. Oktober 2015 \u00a0 \u00a0 \u00a019:00 &#8211; 21:00 Uhr: 1. Beobachtungsabend<br \/>\nFreitag, \u00a0 \u00a0 \u00a0 \u00a0 16. Oktober 2015 \u00a0 \u00a0 \u00a019:00 &#8211; 21:00 Uhr:\u00a02. Beobachtungsabend<br \/>\nDonnerstag,\u00a022. Oktober 2015 \u00a0 \u00a0 \u00a019:00 &#8211; 21:00 Uhr: \u00a0Teil 2: Das Ger\u00e4t des Astronomen: Teleskope<br \/>\nDonnerstag, 29. Oktober 2015 \u00a0 \u00a0 \u00a019:00 &#8211; 21:00 Uhr: Teil 3:\u00a0Unser Sonnensystem<br \/>\nDonnerstag, 11. November 2015 \u00a0 19:00 &#8211; 21:00 Uhr: Teil 4: Die Milchstra\u00dfe und die Grenzen des Universums<\/p>\n<p>Anmeldung bitte \u00fcber die VHS Landsberg am Lech: <a href=\"http:\/\/www.vhs-landsberg.de\/Kurse%20Details\/fachbereich-FS52df81255ac87\/semester-2-15\/autowert-I5601\">\u00a0http:\/\/www.vhs-landsberg.de\/<br \/>\n<\/a><\/p>\n<p>Volkshochschule der Stadt Landsberg<br \/>\nHubert-von-Herkomerstr. 110<br \/>\n86899 Landsberg am Lech<br \/>\nTelefon: 08191 \/ 128 111 &amp;\u00a0128 112<\/p>\n<p>Der Kursverlauf im Einzelnen:<\/p>\n<p><a href=\"http:\/\/www.sgo-online.de\/astro\/wp-content\/uploads\/2014\/07\/astrokurs-1.jpg\"><img loading=\"lazy\" decoding=\"async\" class=\"alignright size-full wp-image-2496\" src=\"http:\/\/www.sgo-online.de\/astro\/wp-content\/uploads\/2014\/07\/astrokurs-1.jpg\" alt=\"astrokurs-1\" width=\"400\" height=\"267\" srcset=\"https:\/\/www.sgo-online.de\/astro\/wp-content\/uploads\/2014\/07\/astrokurs-1.jpg 400w, https:\/\/www.sgo-online.de\/astro\/wp-content\/uploads\/2014\/07\/astrokurs-1-300x200.jpg 300w, https:\/\/www.sgo-online.de\/astro\/wp-content\/uploads\/2014\/07\/astrokurs-1-225x150.jpg 225w, https:\/\/www.sgo-online.de\/astro\/wp-content\/uploads\/2014\/07\/astrokurs-1-150x100.jpg 150w\" sizes=\"auto, (max-width: 400px) 100vw, 400px\" \/><\/a>Abend 1: Unser Himmel bei Nacht<\/p>\n<ul>\n<li>Was sehen wir am Himmel<\/li>\n<li>D\u00e4mmerung und Dunkelheit<\/li>\n<li>Wie k\u00f6nnen wir uns zurechtfinden?<\/li>\n<li>Die wichtigsten Sternbilder<\/li>\n<li>Umgang mit einer Sternkarte<\/li>\n<li>Himmelskoordinaten<\/li>\n<li>Der Lauf der Sonne und der Planeten<\/li>\n<li>Mond- und Sonnenfinsternis<\/li>\n<li>Entfernungen im All<\/li>\n<\/ul>\n<p><img loading=\"lazy\" decoding=\"async\" class=\"alignright size-full wp-image-2497\" src=\"http:\/\/www.sgo-online.de\/astro\/wp-content\/uploads\/2014\/07\/astrokurs-2.jpg\" alt=\"astrokurs-2\" width=\"400\" height=\"213\" srcset=\"https:\/\/www.sgo-online.de\/astro\/wp-content\/uploads\/2014\/07\/astrokurs-2.jpg 400w, https:\/\/www.sgo-online.de\/astro\/wp-content\/uploads\/2014\/07\/astrokurs-2-300x160.jpg 300w, https:\/\/www.sgo-online.de\/astro\/wp-content\/uploads\/2014\/07\/astrokurs-2-250x133.jpg 250w, https:\/\/www.sgo-online.de\/astro\/wp-content\/uploads\/2014\/07\/astrokurs-2-150x80.jpg 150w\" sizes=\"auto, (max-width: 400px) 100vw, 400px\" \/>Abend 2: Teleskope und Zubeh\u00f6r<\/p>\n<ul>\n<li>g\u00e4ngige Teleskoptypen<\/li>\n<li>Montierungen<\/li>\n<li>Okulare und Zubeh\u00f6r<\/li>\n<li>Fotografie<\/li>\n<li>Die aktuellen Ger\u00e4te der Profis<\/li>\n<\/ul>\n<p>Abend 3:\u00a0Unser Sonnensystem<\/p>\n<ul>\n<li><img loading=\"lazy\" decoding=\"async\" class=\"alignright size-full wp-image-2498\" src=\"http:\/\/www.sgo-online.de\/astro\/wp-content\/uploads\/2014\/07\/astrokurs-3.jpg\" alt=\"astrokurs-3\" width=\"400\" height=\"400\" srcset=\"https:\/\/www.sgo-online.de\/astro\/wp-content\/uploads\/2014\/07\/astrokurs-3.jpg 400w, https:\/\/www.sgo-online.de\/astro\/wp-content\/uploads\/2014\/07\/astrokurs-3-150x150.jpg 150w, https:\/\/www.sgo-online.de\/astro\/wp-content\/uploads\/2014\/07\/astrokurs-3-300x300.jpg 300w\" sizes=\"auto, (max-width: 400px) 100vw, 400px\" \/>Entstehung des Sonnensystems<\/li>\n<li>Die Sonne, unser Stern<\/li>\n<li>Die 9 Planeten, ganz aktuell mit den Daten von New Horizons von Pluto und seinen Monden<\/li>\n<li>Kleinplaneten, Asteroiden, Kometen &amp; Co.<\/li>\n<\/ul>\n<p>Abend 4:\u00a0Die Milchstra\u00dfe &#8211; unsere Galaxie<\/p>\n<ul>\n<li>Die Milchstra\u00dfe<\/li>\n<li>Vom Leben und Sterben der Sterne<\/li>\n<li>Sternhaufen, Nebel &amp; Co.<\/li>\n<li>Andromeda und andere Galaxien<\/li>\n<li>Die Tiefen des Alls<\/li>\n<\/ul>\n<p>Beobachtungsabend 1<\/p>\n<ul>\n<li>Einf\u00fchrung in die Teleskope<\/li>\n<li>F\u00fchrung zu den Highlights der Saison<\/li>\n<\/ul>\n<p><a href=\"http:\/\/www.sgo-online.de\/astro\/wp-content\/uploads\/2014\/07\/astrokurs-4.jpg\"><img loading=\"lazy\" decoding=\"async\" class=\"alignright size-full wp-image-2499\" src=\"http:\/\/www.sgo-online.de\/astro\/wp-content\/uploads\/2014\/07\/astrokurs-4.jpg\" alt=\"astrokurs-4\" width=\"400\" height=\"267\" srcset=\"https:\/\/www.sgo-online.de\/astro\/wp-content\/uploads\/2014\/07\/astrokurs-4.jpg 400w, https:\/\/www.sgo-online.de\/astro\/wp-content\/uploads\/2014\/07\/astrokurs-4-300x200.jpg 300w, https:\/\/www.sgo-online.de\/astro\/wp-content\/uploads\/2014\/07\/astrokurs-4-225x150.jpg 225w, https:\/\/www.sgo-online.de\/astro\/wp-content\/uploads\/2014\/07\/astrokurs-4-150x100.jpg 150w\" sizes=\"auto, (max-width: 400px) 100vw, 400px\" \/><\/a>Beobachtungsabend 2<\/p>\n<ul>\n<li>selbstst\u00e4ndiges Aufsuchen von Objekten<\/li>\n<li>Nutzung des Sternatlas<\/li>\n<li>freie Beobachtung<\/li>\n<\/ul>\n<p>F\u00fcr die Beobachtung stehen fast alle Teleskope meiner mobilen Sternwarte zur Verf\u00fcgung:<\/p>\n<ul>\n<li>16 Zoll (40cm) Dobson (Palantir)<\/li>\n<li>12 Zoll (30cm) Dobson (Valacirca)<\/li>\n<li>8 Zoll (20cm) Schmidt-Cassegrain auf Goto-Montierung<\/li>\n<li>80cm ED-Refraktor<\/li>\n<li>150mm Newton-Teleskop<\/li>\n<\/ul>\n<p>weitere Informationen zu den Teleskopen finden Sie unter der Rubrik: <a title=\"Meine Ausr\u00fcstung: Teleskope\" href=\"http:\/\/www.sgo-online.de\/astro\/beispiel-seite\/\">meine Ausr\u00fcstung<\/a><\/p>\n<p>&nbsp;<\/p>\n<p>&nbsp;<\/p>\n","protected":false},"excerpt":{"rendered":"<p>! Der Kurs f\u00fcr Oktober 2015 muss leider ausfallen ! Neue Termine werden demn\u00e4chst bekannt gegeben! Der Sternenhimmel fasziniert und beeindruckt die Menschen seit Alters her. Geschichten, Mythologien und sogar die Zukunft wurde aus dem Himmel abgelesen. Mit der Erfindung des Fernrohrs und den ersten Blicken von Galileo Galilei auf\u2026<\/p>\n<p class=\"continue-reading-button\"> <a class=\"continue-reading-link\" href=\"https:\/\/www.sgo-online.de\/astro\/vhs2015\/\">Weiter lesen&#8230;.<i class=\"crycon-right-dir\"><\/i><\/a><\/p>\n","protected":false},"author":1,"featured_media":2494,"parent":0,"menu_order":0,"comment_status":"open","ping_status":"open","template":"","meta":{"ngg_post_thumbnail":0,"footnotes":""},"class_list":["post-1745","page","type-page","status-publish","has-post-thumbnail","hentry"],"yoast_head":"<!-- This site is optimized with the Yoast SEO plugin v26.3 - https:\/\/yoast.com\/wordpress\/plugins\/seo\/ -->\n<title>Astronomie in Theorie und Praxis<\/title>\n<meta name=\"description\" content=\"ein Einsteigerkurs f\u00fcr alle, die sich f\u00fcr Astronomie, das Weltall und die Sterne begeistern k\u00f6nnen.\" \/>\n<meta name=\"robots\" content=\"index, follow, max-snippet:-1, max-image-preview:large, max-video-preview:-1\" \/>\n<link rel=\"canonical\" href=\"https:\/\/www.sgo-online.de\/astro\/vhs2015\/\" \/>\n<meta property=\"og:locale\" content=\"de_DE\" \/>\n<meta property=\"og:type\" content=\"article\" \/>\n<meta property=\"og:title\" content=\"Astronomie in Theorie und Praxis\" \/>\n<meta property=\"og:description\" content=\"ein Einsteigerkurs f\u00fcr alle, die sich f\u00fcr Astronomie, das Weltall und die Sterne begeistern k\u00f6nnen.\" \/>\n<meta property=\"og:url\" content=\"https:\/\/www.sgo-online.de\/astro\/vhs2015\/\" \/>\n<meta property=\"og:site_name\" content=\"Stefans Gartenobservatorium\" \/>\n<meta property=\"article:publisher\" content=\"https:\/\/www.facebook.com\/stefan.griessinger\" \/>\n<meta property=\"article:modified_time\" content=\"2015-10-01T10:28:06+00:00\" \/>\n<meta property=\"og:image\" content=\"https:\/\/www.sgo-online.de\/astro\/wp-content\/uploads\/2014\/07\/astrokurs2015.jpg\" \/>\n\t<meta property=\"og:image:width\" content=\"1200\" \/>\n\t<meta property=\"og:image:height\" content=\"800\" \/>\n\t<meta property=\"og:image:type\" content=\"image\/jpeg\" \/>\n<meta name=\"twitter:card\" content=\"summary_large_image\" \/>\n<meta name=\"twitter:label1\" content=\"Gesch\u00e4tzte Lesezeit\" \/>\n\t<meta name=\"twitter:data1\" content=\"3\u00a0Minuten\" \/>\n<script type=\"application\/ld+json\" class=\"yoast-schema-graph\">{\"@context\":\"https:\/\/schema.org\",\"@graph\":[{\"@type\":\"WebPage\",\"@id\":\"https:\/\/www.sgo-online.de\/astro\/vhs2015\/\",\"url\":\"https:\/\/www.sgo-online.de\/astro\/vhs2015\/\",\"name\":\"Astronomie in Theorie und Praxis\",\"isPartOf\":{\"@id\":\"https:\/\/www.sgo-online.de\/astro\/#website\"},\"primaryImageOfPage\":{\"@id\":\"https:\/\/www.sgo-online.de\/astro\/vhs2015\/#primaryimage\"},\"image\":{\"@id\":\"https:\/\/www.sgo-online.de\/astro\/vhs2015\/#primaryimage\"},\"thumbnailUrl\":\"https:\/\/www.sgo-online.de\/astro\/wp-content\/uploads\/2014\/07\/astrokurs2015.jpg\",\"datePublished\":\"2014-07-10T12:03:14+00:00\",\"dateModified\":\"2015-10-01T10:28:06+00:00\",\"description\":\"ein Einsteigerkurs f\u00fcr alle, die sich f\u00fcr Astronomie, das Weltall und die Sterne begeistern k\u00f6nnen.\",\"breadcrumb\":{\"@id\":\"https:\/\/www.sgo-online.de\/astro\/vhs2015\/#breadcrumb\"},\"inLanguage\":\"de\",\"potentialAction\":[{\"@type\":\"ReadAction\",\"target\":[\"https:\/\/www.sgo-online.de\/astro\/vhs2015\/\"]}]},{\"@type\":\"ImageObject\",\"inLanguage\":\"de\",\"@id\":\"https:\/\/www.sgo-online.de\/astro\/vhs2015\/#primaryimage\",\"url\":\"https:\/\/www.sgo-online.de\/astro\/wp-content\/uploads\/2014\/07\/astrokurs2015.jpg\",\"contentUrl\":\"https:\/\/www.sgo-online.de\/astro\/wp-content\/uploads\/2014\/07\/astrokurs2015.jpg\",\"width\":1200,\"height\":800},{\"@type\":\"BreadcrumbList\",\"@id\":\"https:\/\/www.sgo-online.de\/astro\/vhs2015\/#breadcrumb\",\"itemListElement\":[{\"@type\":\"ListItem\",\"position\":1,\"name\":\"Home\",\"item\":\"https:\/\/www.sgo-online.de\/astro\/\"},{\"@type\":\"ListItem\",\"position\":2,\"name\":\"Astronomie in Theorie und Praxis\"}]},{\"@type\":\"WebSite\",\"@id\":\"https:\/\/www.sgo-online.de\/astro\/#website\",\"url\":\"https:\/\/www.sgo-online.de\/astro\/\",\"name\":\"Stefans Gartenobservatorium\",\"description\":\"30 Jahre on Tour to the Stars\",\"publisher\":{\"@id\":\"https:\/\/www.sgo-online.de\/astro\/#organization\"},\"potentialAction\":[{\"@type\":\"SearchAction\",\"target\":{\"@type\":\"EntryPoint\",\"urlTemplate\":\"https:\/\/www.sgo-online.de\/astro\/?s={search_term_string}\"},\"query-input\":{\"@type\":\"PropertyValueSpecification\",\"valueRequired\":true,\"valueName\":\"search_term_string\"}}],\"inLanguage\":\"de\"},{\"@type\":\"Organization\",\"@id\":\"https:\/\/www.sgo-online.de\/astro\/#organization\",\"name\":\"Stefans Gartenobservatorium\",\"url\":\"https:\/\/www.sgo-online.de\/astro\/\",\"logo\":{\"@type\":\"ImageObject\",\"inLanguage\":\"de\",\"@id\":\"https:\/\/www.sgo-online.de\/astro\/#\/schema\/logo\/image\/\",\"url\":\"https:\/\/www.sgo-online.de\/astro\/wp-content\/uploads\/2020\/11\/logo-astro-klama-bw.jpg\",\"contentUrl\":\"https:\/\/www.sgo-online.de\/astro\/wp-content\/uploads\/2020\/11\/logo-astro-klama-bw.jpg\",\"width\":1125,\"height\":1125,\"caption\":\"Stefans Gartenobservatorium\"},\"image\":{\"@id\":\"https:\/\/www.sgo-online.de\/astro\/#\/schema\/logo\/image\/\"},\"sameAs\":[\"https:\/\/www.facebook.com\/stefan.griessinger\",\"https:\/\/www.instagram.com\/sgo2000\/?hl=de\",\"https:\/\/www.youtube.com\/user\/natprax\"]}]}<\/script>\n<!-- \/ Yoast SEO plugin. -->","yoast_head_json":{"title":"Astronomie in Theorie und Praxis","description":"ein Einsteigerkurs f\u00fcr alle, die sich f\u00fcr Astronomie, das Weltall und die Sterne begeistern k\u00f6nnen.","robots":{"index":"index","follow":"follow","max-snippet":"max-snippet:-1","max-image-preview":"max-image-preview:large","max-video-preview":"max-video-preview:-1"},"canonical":"https:\/\/www.sgo-online.de\/astro\/vhs2015\/","og_locale":"de_DE","og_type":"article","og_title":"Astronomie in Theorie und Praxis","og_description":"ein Einsteigerkurs f\u00fcr alle, die sich f\u00fcr Astronomie, das Weltall und die Sterne begeistern k\u00f6nnen.","og_url":"https:\/\/www.sgo-online.de\/astro\/vhs2015\/","og_site_name":"Stefans Gartenobservatorium","article_publisher":"https:\/\/www.facebook.com\/stefan.griessinger","article_modified_time":"2015-10-01T10:28:06+00:00","og_image":[{"width":1200,"height":800,"url":"https:\/\/www.sgo-online.de\/astro\/wp-content\/uploads\/2014\/07\/astrokurs2015.jpg","type":"image\/jpeg"}],"twitter_card":"summary_large_image","twitter_misc":{"Gesch\u00e4tzte Lesezeit":"3\u00a0Minuten"},"schema":{"@context":"https:\/\/schema.org","@graph":[{"@type":"WebPage","@id":"https:\/\/www.sgo-online.de\/astro\/vhs2015\/","url":"https:\/\/www.sgo-online.de\/astro\/vhs2015\/","name":"Astronomie in Theorie und Praxis","isPartOf":{"@id":"https:\/\/www.sgo-online.de\/astro\/#website"},"primaryImageOfPage":{"@id":"https:\/\/www.sgo-online.de\/astro\/vhs2015\/#primaryimage"},"image":{"@id":"https:\/\/www.sgo-online.de\/astro\/vhs2015\/#primaryimage"},"thumbnailUrl":"https:\/\/www.sgo-online.de\/astro\/wp-content\/uploads\/2014\/07\/astrokurs2015.jpg","datePublished":"2014-07-10T12:03:14+00:00","dateModified":"2015-10-01T10:28:06+00:00","description":"ein Einsteigerkurs f\u00fcr alle, die sich f\u00fcr Astronomie, das Weltall und die Sterne begeistern k\u00f6nnen.","breadcrumb":{"@id":"https:\/\/www.sgo-online.de\/astro\/vhs2015\/#breadcrumb"},"inLanguage":"de","potentialAction":[{"@type":"ReadAction","target":["https:\/\/www.sgo-online.de\/astro\/vhs2015\/"]}]},{"@type":"ImageObject","inLanguage":"de","@id":"https:\/\/www.sgo-online.de\/astro\/vhs2015\/#primaryimage","url":"https:\/\/www.sgo-online.de\/astro\/wp-content\/uploads\/2014\/07\/astrokurs2015.jpg","contentUrl":"https:\/\/www.sgo-online.de\/astro\/wp-content\/uploads\/2014\/07\/astrokurs2015.jpg","width":1200,"height":800},{"@type":"BreadcrumbList","@id":"https:\/\/www.sgo-online.de\/astro\/vhs2015\/#breadcrumb","itemListElement":[{"@type":"ListItem","position":1,"name":"Home","item":"https:\/\/www.sgo-online.de\/astro\/"},{"@type":"ListItem","position":2,"name":"Astronomie in Theorie und Praxis"}]},{"@type":"WebSite","@id":"https:\/\/www.sgo-online.de\/astro\/#website","url":"https:\/\/www.sgo-online.de\/astro\/","name":"Stefans Gartenobservatorium","description":"30 Jahre on Tour to the Stars","publisher":{"@id":"https:\/\/www.sgo-online.de\/astro\/#organization"},"potentialAction":[{"@type":"SearchAction","target":{"@type":"EntryPoint","urlTemplate":"https:\/\/www.sgo-online.de\/astro\/?s={search_term_string}"},"query-input":{"@type":"PropertyValueSpecification","valueRequired":true,"valueName":"search_term_string"}}],"inLanguage":"de"},{"@type":"Organization","@id":"https:\/\/www.sgo-online.de\/astro\/#organization","name":"Stefans Gartenobservatorium","url":"https:\/\/www.sgo-online.de\/astro\/","logo":{"@type":"ImageObject","inLanguage":"de","@id":"https:\/\/www.sgo-online.de\/astro\/#\/schema\/logo\/image\/","url":"https:\/\/www.sgo-online.de\/astro\/wp-content\/uploads\/2020\/11\/logo-astro-klama-bw.jpg","contentUrl":"https:\/\/www.sgo-online.de\/astro\/wp-content\/uploads\/2020\/11\/logo-astro-klama-bw.jpg","width":1125,"height":1125,"caption":"Stefans Gartenobservatorium"},"image":{"@id":"https:\/\/www.sgo-online.de\/astro\/#\/schema\/logo\/image\/"},"sameAs":["https:\/\/www.facebook.com\/stefan.griessinger","https:\/\/www.instagram.com\/sgo2000\/?hl=de","https:\/\/www.youtube.com\/user\/natprax"]}]}},"_links":{"self":[{"href":"https:\/\/www.sgo-online.de\/astro\/wp-json\/wp\/v2\/pages\/1745","targetHints":{"allow":["GET"]}}],"collection":[{"href":"https:\/\/www.sgo-online.de\/astro\/wp-json\/wp\/v2\/pages"}],"about":[{"href":"https:\/\/www.sgo-online.de\/astro\/wp-json\/wp\/v2\/types\/page"}],"author":[{"embeddable":true,"href":"https:\/\/www.sgo-online.de\/astro\/wp-json\/wp\/v2\/users\/1"}],"replies":[{"embeddable":true,"href":"https:\/\/www.sgo-online.de\/astro\/wp-json\/wp\/v2\/comments?post=1745"}],"version-history":[{"count":12,"href":"https:\/\/www.sgo-online.de\/astro\/wp-json\/wp\/v2\/pages\/1745\/revisions"}],"predecessor-version":[{"id":3163,"href":"https:\/\/www.sgo-online.de\/astro\/wp-json\/wp\/v2\/pages\/1745\/revisions\/3163"}],"wp:featuredmedia":[{"embeddable":true,"href":"https:\/\/www.sgo-online.de\/astro\/wp-json\/wp\/v2\/media\/2494"}],"wp:attachment":[{"href":"https:\/\/www.sgo-online.de\/astro\/wp-json\/wp\/v2\/media?parent=1745"}],"curies":[{"name":"wp","href":"https:\/\/api.w.org\/{rel}","templated":true}]}}