{"id":2540,"date":"2015-03-29T16:55:59","date_gmt":"2015-03-29T14:55:59","guid":{"rendered":"http:\/\/www.sgo-online.de\/astro\/?page_id=2540"},"modified":"2015-09-29T18:22:33","modified_gmt":"2015-09-29T16:22:33","slug":"astrogallery-finsternisse-und-bedeckungen","status":"publish","type":"page","link":"https:\/\/www.sgo-online.de\/astro\/astrogallery-finsternisse-und-bedeckungen\/","title":{"rendered":"AstroGallery: Finsternisse und Bedeckungen"},"content":{"rendered":"<p>Schattenspiele im All:<\/p>\n<p>Seit jeher faszinieren Sonnen- und Mondfinsternisse die Menschen. So lange sie unerkl\u00e4rt blieben, herrschte Angst und Panik, den der Zorn der G\u00f6tter musste gro\u00df sein, wenn sie Sonnen- bzw. Mondlicht verfinstern. Doch schnell haben kluge K\u00f6pfe gelernt, Finsternisse vorherzusagen, in Griechenland zum Beispiel schon ca. 400 v. Chr. !<br \/>\nSo wurde aus den Unheil verk\u00fcndenden Zeichen ein faszinierendes Himmelschauspiel!<\/p>\n<p>\n<div class=\"ngg-galleryoverview\" id=\"ngg-gallery-e6a9585fe7145b0045367edbd967e955-2540\">\n\n\t\t\t<!-- Slideshow link -->\n\t<div class=\"slideshowlink\">\n\t\t<a class=\"slideshowlink\" href=\"https:\/\/www.sgo-online.de\/astro\/astrogallery-finsternisse-und-bedeckungen\/nggallery\/slideshow\">\n\t\t\tAnsicht als Diashow\t\t<\/a>\n\t<\/div>\n\n\t<!-- Thumbnails -->\n\t\t\t\t\n\t<div id=\"ngg-image-44\" class=\"ngg-gallery-thumbnail-box\"  >\n\t\t<div class=\"ngg-gallery-thumbnail\" >\n\t\t\t<a href=\"https:\/\/www.sgo-online.de\/astro\/wp-content\/gallery\/finsternisse\/1999-08-11-sofi-pan.jpg\"\n\t\t\t\ttitle=\"203\/2000 Schmidt-Cassegrain (Meade LX200) Canon A1 auf 400 ASA Negativfilm, pertielle Phase mit Thousand Oaks Optics Glassonnenfilter NDs 5\"\n\t\t\t\tclass='thickbox' rel='e6a9585fe7145b0045367edbd967e955' data-image-id=\"44\" data-src=\"https:\/\/www.sgo-online.de\/astro\/wp-content\/gallery\/finsternisse\/1999-08-11-sofi-pan.jpg\" data-thumbnail=\"https:\/\/www.sgo-online.de\/astro\/wp-content\/gallery\/finsternisse\/cache\/1999-08-11-sofi-pan.jpg-nggid0244-ngg0dyn-250x187x100-00f0w010c011r110f110r010t010.jpg\" data-title=\"11. August 1999 totale Sonnenfinsternis \u00fcber Deutschland\" data-description=\"203\/2000 Schmidt-Cassegrain (Meade LX200) Canon A1 auf 400 ASA Negativfilm, pertielle Phase mit Thousand Oaks Optics Glassonnenfilter NDs 5\" >\n\t\t\t\t\t\t\t\t<img title=\"11. August 1999 totale Sonnenfinsternis \u00fcber Deutschland\" alt=\"11. August 1999 totale Sonnenfinsternis \u00fcber Deutschland\" src=\"https:\/\/www.sgo-online.de\/astro\/wp-content\/gallery\/finsternisse\/cache\/1999-08-11-sofi-pan.jpg-nggid0244-ngg0dyn-250x187x100-00f0w010c011r110f110r010t010.jpg\" width='250' height='187' \/>\n\t\t\t\t\t\t\t<\/a>\n\t\t<\/div>\n\t<\/div>\n\n\t\t\t\t\t\t\t\t\t\n\t\n\t<div id=\"ngg-image-13\" class=\"ngg-gallery-thumbnail-box\"  >\n\t\t<div class=\"ngg-gallery-thumbnail\" >\n\t\t\t<a href=\"https:\/\/www.sgo-online.de\/astro\/wp-content\/gallery\/finsternisse\/03-05-31-sofipart01_0.jpg\"\n\t\t\t\ttitle=\"bei Sonnenaufgang: 200mm Teleobjektiv, Canon A1 auf 400 ASA Negativfilm, Scan\"\n\t\t\t\tclass='thickbox' rel='e6a9585fe7145b0045367edbd967e955' data-image-id=\"13\" data-src=\"https:\/\/www.sgo-online.de\/astro\/wp-content\/gallery\/finsternisse\/03-05-31-sofipart01_0.jpg\" data-thumbnail=\"https:\/\/www.sgo-online.de\/astro\/wp-content\/gallery\/finsternisse\/cache\/03-05-31-sofipart01_0.jpg-nggid0213-ngg0dyn-250x187x100-00f0w010c011r110f110r010t010.jpg\" data-title=\"31. Mai 2003: partielle Sonnenfinsternis\" data-description=\"bei Sonnenaufgang: 200mm Teleobjektiv, Canon A1 auf 400 ASA Negativfilm, Scan\" >\n\t\t\t\t\t\t\t\t<img title=\"31. Mai 2003: partielle Sonnenfinsternis\" alt=\"31. Mai 2003: partielle Sonnenfinsternis\" src=\"https:\/\/www.sgo-online.de\/astro\/wp-content\/gallery\/finsternisse\/cache\/03-05-31-sofipart01_0.jpg-nggid0213-ngg0dyn-250x187x100-00f0w010c011r110f110r010t010.jpg\" width='250' height='187' \/>\n\t\t\t\t\t\t\t<\/a>\n\t\t<\/div>\n\t<\/div>\n\n\t\t\t\t\t\t\t\t\t\n\t\n\t<div id=\"ngg-image-17\" class=\"ngg-gallery-thumbnail-box\"  >\n\t\t<div class=\"ngg-gallery-thumbnail\" >\n\t\t\t<a href=\"https:\/\/www.sgo-online.de\/astro\/wp-content\/gallery\/finsternisse\/03-05-31-sofipart03.jpg\"\n\t\t\t\ttitle=\"bei Sonnenaufgang: 200mm Teleobjektiv, Canon A1 auf 400 ASA Negativfilm, Scan\"\n\t\t\t\tclass='thickbox' rel='e6a9585fe7145b0045367edbd967e955' data-image-id=\"17\" data-src=\"https:\/\/www.sgo-online.de\/astro\/wp-content\/gallery\/finsternisse\/03-05-31-sofipart03.jpg\" data-thumbnail=\"https:\/\/www.sgo-online.de\/astro\/wp-content\/gallery\/finsternisse\/cache\/03-05-31-sofipart03.jpg-nggid0217-ngg0dyn-250x187x100-00f0w010c011r110f110r010t010.jpg\" data-title=\"31. Mai 2003: partielle Sonnenfinsternis\" data-description=\"bei Sonnenaufgang: 200mm Teleobjektiv, Canon A1 auf 400 ASA Negativfilm, Scan\" >\n\t\t\t\t\t\t\t\t<img title=\"31. Mai 2003: partielle Sonnenfinsternis\" alt=\"31. Mai 2003: partielle Sonnenfinsternis\" src=\"https:\/\/www.sgo-online.de\/astro\/wp-content\/gallery\/finsternisse\/cache\/03-05-31-sofipart03.jpg-nggid0217-ngg0dyn-250x187x100-00f0w010c011r110f110r010t010.jpg\" width='250' height='187' \/>\n\t\t\t\t\t\t\t<\/a>\n\t\t<\/div>\n\t<\/div>\n\n\t\t\t\t\t\t\t\t\t\n\t\n\t<div id=\"ngg-image-16\" class=\"ngg-gallery-thumbnail-box\"  >\n\t\t<div class=\"ngg-gallery-thumbnail\" >\n\t\t\t<a href=\"https:\/\/www.sgo-online.de\/astro\/wp-content\/gallery\/finsternisse\/03-05-31-sofipart02.jpg\"\n\t\t\t\ttitle=\"bei Sonnenaufgang: 200mm Teleobjektiv, Canon A1 auf 400 ASA Negativfilm, Scan\"\n\t\t\t\tclass='thickbox' rel='e6a9585fe7145b0045367edbd967e955' data-image-id=\"16\" data-src=\"https:\/\/www.sgo-online.de\/astro\/wp-content\/gallery\/finsternisse\/03-05-31-sofipart02.jpg\" data-thumbnail=\"https:\/\/www.sgo-online.de\/astro\/wp-content\/gallery\/finsternisse\/cache\/03-05-31-sofipart02.jpg-nggid0216-ngg0dyn-250x187x100-00f0w010c011r110f110r010t010.jpg\" data-title=\"31. Mai 2003: partielle Sonnenfinsternis\" data-description=\"bei Sonnenaufgang: 200mm Teleobjektiv, Canon A1 auf 400 ASA Negativfilm, Scan\" >\n\t\t\t\t\t\t\t\t<img title=\"31. Mai 2003: partielle Sonnenfinsternis\" alt=\"31. Mai 2003: partielle Sonnenfinsternis\" src=\"https:\/\/www.sgo-online.de\/astro\/wp-content\/gallery\/finsternisse\/cache\/03-05-31-sofipart02.jpg-nggid0216-ngg0dyn-250x187x100-00f0w010c011r110f110r010t010.jpg\" width='250' height='187' \/>\n\t\t\t\t\t\t\t<\/a>\n\t\t<\/div>\n\t<\/div>\n\n\t\t\t\t\t\t\t\t\t\n\t\n\t<div id=\"ngg-image-622\" class=\"ngg-gallery-thumbnail-box\"  >\n\t\t<div class=\"ngg-gallery-thumbnail\" >\n\t\t\t<a href=\"https:\/\/www.sgo-online.de\/astro\/wp-content\/gallery\/finsternisse\/15-03-20-sofi-ende-IMG_6242.jpg\"\n\t\t\t\ttitle=\"150\/750 Newton + Baader Astrosolar + Canon Eos 600D\"\n\t\t\t\tclass='thickbox' rel='e6a9585fe7145b0045367edbd967e955' data-image-id=\"622\" data-src=\"https:\/\/www.sgo-online.de\/astro\/wp-content\/gallery\/finsternisse\/15-03-20-sofi-ende-IMG_6242.jpg\" data-thumbnail=\"https:\/\/www.sgo-online.de\/astro\/wp-content\/gallery\/finsternisse\/cache\/15-03-20-sofi-ende-IMG_6242.jpg-nggid03622-ngg0dyn-250x187x100-00f0w010c011r110f110r010t010.jpg\" data-title=\"20. M\u00e4rz 2015: Am Ende der Finsternis\" data-description=\"150\/750 Newton + Baader Astrosolar + Canon Eos 600D\" >\n\t\t\t\t\t\t\t\t<img title=\"20. M\u00e4rz 2015: Am Ende der Finsternis\" alt=\"20. M\u00e4rz 2015: Am Ende der Finsternis\" src=\"https:\/\/www.sgo-online.de\/astro\/wp-content\/gallery\/finsternisse\/cache\/15-03-20-sofi-ende-IMG_6242.jpg-nggid03622-ngg0dyn-250x187x100-00f0w010c011r110f110r010t010.jpg\" width='250' height='187' \/>\n\t\t\t\t\t\t\t<\/a>\n\t\t<\/div>\n\t<\/div>\n\n\t\t\t\t\t\t\t\t\t\n\t\n\t<div id=\"ngg-image-623\" class=\"ngg-gallery-thumbnail-box\"  >\n\t\t<div class=\"ngg-gallery-thumbnail\" >\n\t\t\t<a href=\"https:\/\/www.sgo-online.de\/astro\/wp-content\/gallery\/finsternisse\/15-03-20-sofi-67p-IMG_6242.jpg\"\n\t\t\t\ttitle=\"150\/750 Newton + Baader Astrosolar + Canon Eos 600D\"\n\t\t\t\tclass='thickbox' rel='e6a9585fe7145b0045367edbd967e955' data-image-id=\"623\" data-src=\"https:\/\/www.sgo-online.de\/astro\/wp-content\/gallery\/finsternisse\/15-03-20-sofi-67p-IMG_6242.jpg\" data-thumbnail=\"https:\/\/www.sgo-online.de\/astro\/wp-content\/gallery\/finsternisse\/cache\/15-03-20-sofi-67p-IMG_6242.jpg-nggid03623-ngg0dyn-250x187x100-00f0w010c011r110f110r010t010.jpg\" data-title=\"20. M\u00e4rz 2015: Der H\u00f6hepunkt der partiellen Finsternis\" data-description=\"150\/750 Newton + Baader Astrosolar + Canon Eos 600D\" >\n\t\t\t\t\t\t\t\t<img title=\"20. M\u00e4rz 2015: Der H\u00f6hepunkt der partiellen Finsternis\" alt=\"20. M\u00e4rz 2015: Der H\u00f6hepunkt der partiellen Finsternis\" src=\"https:\/\/www.sgo-online.de\/astro\/wp-content\/gallery\/finsternisse\/cache\/15-03-20-sofi-67p-IMG_6242.jpg-nggid03623-ngg0dyn-250x187x100-00f0w010c011r110f110r010t010.jpg\" width='250' height='187' \/>\n\t\t\t\t\t\t\t<\/a>\n\t\t<\/div>\n\t<\/div>\n\n\t\t\t\t\t\t\t\t\t\n\t\n\t<div id=\"ngg-image-624\" class=\"ngg-gallery-thumbnail-box\"  >\n\t\t<div class=\"ngg-gallery-thumbnail\" >\n\t\t\t<a href=\"https:\/\/www.sgo-online.de\/astro\/wp-content\/gallery\/finsternisse\/15-03-20-sofi-beginn-IMG_6242.jpg\"\n\t\t\t\ttitle=\"150\/750 Newton + Baader Astrosolar + Canon Eos 600D\"\n\t\t\t\tclass='thickbox' rel='e6a9585fe7145b0045367edbd967e955' data-image-id=\"624\" data-src=\"https:\/\/www.sgo-online.de\/astro\/wp-content\/gallery\/finsternisse\/15-03-20-sofi-beginn-IMG_6242.jpg\" data-thumbnail=\"https:\/\/www.sgo-online.de\/astro\/wp-content\/gallery\/finsternisse\/cache\/15-03-20-sofi-beginn-IMG_6242.jpg-nggid03624-ngg0dyn-250x187x100-00f0w010c011r110f110r010t010.jpg\" data-title=\"20. M\u00e4rz 2015: Es geht los...\" data-description=\"150\/750 Newton + Baader Astrosolar + Canon Eos 600D\" >\n\t\t\t\t\t\t\t\t<img title=\"20. M\u00e4rz 2015: Es geht los...\" alt=\"20. M\u00e4rz 2015: Es geht los...\" src=\"https:\/\/www.sgo-online.de\/astro\/wp-content\/gallery\/finsternisse\/cache\/15-03-20-sofi-beginn-IMG_6242.jpg-nggid03624-ngg0dyn-250x187x100-00f0w010c011r110f110r010t010.jpg\" width='250' height='187' \/>\n\t\t\t\t\t\t\t<\/a>\n\t\t<\/div>\n\t<\/div>\n\n\t\t\t\t\t\t\t\t\t\n\t\n\t<div id=\"ngg-image-652\" class=\"ngg-gallery-thumbnail-box\"  >\n\t\t<div class=\"ngg-gallery-thumbnail\" >\n\t\t\t<a href=\"https:\/\/www.sgo-online.de\/astro\/wp-content\/gallery\/finsternisse\/12-06-06-venustransit.jpg\"\n\t\t\t\ttitle=\" \"\n\t\t\t\tclass='thickbox' rel='e6a9585fe7145b0045367edbd967e955' data-image-id=\"652\" data-src=\"https:\/\/www.sgo-online.de\/astro\/wp-content\/gallery\/finsternisse\/12-06-06-venustransit.jpg\" data-thumbnail=\"https:\/\/www.sgo-online.de\/astro\/wp-content\/gallery\/finsternisse\/cache\/12-06-06-venustransit.jpg-nggid03652-ngg0dyn-250x187x100-00f0w010c011r110f110r010t010.jpg\" data-title=\"Venustransit 6. Juni 2012 05:24 Uhr\" data-description=\" \" >\n\t\t\t\t\t\t\t\t<img title=\"Venustransit 6. Juni 2012 05:24 Uhr\" alt=\"Venustransit 6. Juni 2012 05:24 Uhr\" src=\"https:\/\/www.sgo-online.de\/astro\/wp-content\/gallery\/finsternisse\/cache\/12-06-06-venustransit.jpg-nggid03652-ngg0dyn-250x187x100-00f0w010c011r110f110r010t010.jpg\" width='250' height='187' \/>\n\t\t\t\t\t\t\t<\/a>\n\t\t<\/div>\n\t<\/div>\n\n\t\t\t\t\t\t\t\t\t\n\t\n\t<div id=\"ngg-image-788\" class=\"ngg-gallery-thumbnail-box\"  >\n\t\t<div class=\"ngg-gallery-thumbnail\" >\n\t\t\t<a href=\"https:\/\/www.sgo-online.de\/astro\/wp-content\/gallery\/finsternisse\/15-09-28-mondfinsternis-IMG_9909.jpg\"\n\t\t\t\ttitle=\"150\/750 Newton, Canon EOS 600d 3 Sekunden 800 ISO\"\n\t\t\t\tclass='thickbox' rel='e6a9585fe7145b0045367edbd967e955' data-image-id=\"788\" data-src=\"https:\/\/www.sgo-online.de\/astro\/wp-content\/gallery\/finsternisse\/15-09-28-mondfinsternis-IMG_9909.jpg\" data-thumbnail=\"https:\/\/www.sgo-online.de\/astro\/wp-content\/gallery\/finsternisse\/cache\/15-09-28-mondfinsternis-IMG_9909.jpg-nggid03788-ngg0dyn-250x187x100-00f0w010c011r110f110r010t010.jpg\" data-title=\"28. Septemer 2015: totale Mondfinsternis\" data-description=\"150\/750 Newton, Canon EOS 600d 3 Sekunden 800 ISO\" >\n\t\t\t\t\t\t\t\t<img title=\"28. Septemer 2015: totale Mondfinsternis\" alt=\"28. Septemer 2015: totale Mondfinsternis\" src=\"https:\/\/www.sgo-online.de\/astro\/wp-content\/gallery\/finsternisse\/cache\/15-09-28-mondfinsternis-IMG_9909.jpg-nggid03788-ngg0dyn-250x187x100-00f0w010c011r110f110r010t010.jpg\" width='250' height='187' \/>\n\t\t\t\t\t\t\t<\/a>\n\t\t<\/div>\n\t<\/div>\n\n\t\t\t\t\t\t\t\t\t\n\t\n\t<!-- Pagination -->\n\t\t\n<\/div>\n\n\t<\/p>\n<p><a title=\"Sonnenfinsternis 2015 \u2013 ein besonderer Astro-Tag\" href=\"http:\/\/www.sgo-online.de\/astro\/2sofi\/\">mehr Bilder zur partiellen Sonnenfinsternis 2015 gibt&#8217;s hier<\/a><\/p>\n","protected":false},"excerpt":{"rendered":"<p>Schattenspiele im All: Seit jeher faszinieren Sonnen- und Mondfinsternisse die Menschen. So lange sie unerkl\u00e4rt blieben, herrschte Angst und Panik, den der Zorn der G\u00f6tter musste gro\u00df sein, wenn sie Sonnen- bzw. Mondlicht verfinstern. Doch schnell haben kluge K\u00f6pfe gelernt, Finsternisse vorherzusagen, in Griechenland zum Beispiel schon ca. 400 v.\u2026<\/p>\n<p class=\"continue-reading-button\"> <a class=\"continue-reading-link\" href=\"https:\/\/www.sgo-online.de\/astro\/astrogallery-finsternisse-und-bedeckungen\/\">Weiter lesen&#8230;.<i class=\"crycon-right-dir\"><\/i><\/a><\/p>\n","protected":false},"author":1,"featured_media":0,"parent":0,"menu_order":0,"comment_status":"open","ping_status":"open","template":"template-onecolumn.php","meta":{"ngg_post_thumbnail":0,"footnotes":""},"class_list":["post-2540","page","type-page","status-publish","hentry"],"yoast_head":"<!-- This site is optimized with the Yoast SEO plugin v26.3 - https:\/\/yoast.com\/wordpress\/plugins\/seo\/ -->\n<title>AstroGallery: Finsternisse und Bedeckungen<\/title>\n<meta name=\"description\" content=\"Bilder von Sonnen- und Mondfinsternissen und von Planetentransits...\" \/>\n<meta name=\"robots\" content=\"index, follow, max-snippet:-1, max-image-preview:large, max-video-preview:-1\" \/>\n<link rel=\"canonical\" href=\"https:\/\/www.sgo-online.de\/astro\/astrogallery-finsternisse-und-bedeckungen\/\" \/>\n<meta property=\"og:locale\" content=\"de_DE\" \/>\n<meta property=\"og:type\" content=\"article\" \/>\n<meta property=\"og:title\" content=\"AstroGallery: Finsternisse und Bedeckungen\" \/>\n<meta property=\"og:description\" content=\"Bilder von Sonnen- und Mondfinsternissen und von Planetentransits...\" \/>\n<meta property=\"og:url\" content=\"https:\/\/www.sgo-online.de\/astro\/astrogallery-finsternisse-und-bedeckungen\/\" \/>\n<meta property=\"og:site_name\" content=\"Stefans Gartenobservatorium\" \/>\n<meta property=\"article:publisher\" content=\"https:\/\/www.facebook.com\/stefan.griessinger\" \/>\n<meta property=\"article:modified_time\" content=\"2015-09-29T16:22:33+00:00\" \/>\n<meta property=\"og:image\" content=\"http:\/\/www.sgo-online.de\/astro\/nextgen-attach_to_post\/preview\/id--2549\" \/>\n<meta name=\"twitter:card\" content=\"summary_large_image\" \/>\n<script type=\"application\/ld+json\" class=\"yoast-schema-graph\">{\"@context\":\"https:\/\/schema.org\",\"@graph\":[{\"@type\":\"WebPage\",\"@id\":\"https:\/\/www.sgo-online.de\/astro\/astrogallery-finsternisse-und-bedeckungen\/\",\"url\":\"https:\/\/www.sgo-online.de\/astro\/astrogallery-finsternisse-und-bedeckungen\/\",\"name\":\"AstroGallery: Finsternisse und Bedeckungen\",\"isPartOf\":{\"@id\":\"https:\/\/www.sgo-online.de\/astro\/#website\"},\"primaryImageOfPage\":{\"@id\":\"https:\/\/www.sgo-online.de\/astro\/astrogallery-finsternisse-und-bedeckungen\/#primaryimage\"},\"image\":{\"@id\":\"https:\/\/www.sgo-online.de\/astro\/astrogallery-finsternisse-und-bedeckungen\/#primaryimage\"},\"thumbnailUrl\":\"http:\/\/www.sgo-online.de\/astro\/nextgen-attach_to_post\/preview\/id--2549\",\"datePublished\":\"2015-03-29T14:55:59+00:00\",\"dateModified\":\"2015-09-29T16:22:33+00:00\",\"description\":\"Bilder von Sonnen- und Mondfinsternissen und von Planetentransits...\",\"breadcrumb\":{\"@id\":\"https:\/\/www.sgo-online.de\/astro\/astrogallery-finsternisse-und-bedeckungen\/#breadcrumb\"},\"inLanguage\":\"de\",\"potentialAction\":[{\"@type\":\"ReadAction\",\"target\":[\"https:\/\/www.sgo-online.de\/astro\/astrogallery-finsternisse-und-bedeckungen\/\"]}]},{\"@type\":\"ImageObject\",\"inLanguage\":\"de\",\"@id\":\"https:\/\/www.sgo-online.de\/astro\/astrogallery-finsternisse-und-bedeckungen\/#primaryimage\",\"url\":\"http:\/\/www.sgo-online.de\/astro\/nextgen-attach_to_post\/preview\/id--2549\",\"contentUrl\":\"http:\/\/www.sgo-online.de\/astro\/nextgen-attach_to_post\/preview\/id--2549\"},{\"@type\":\"BreadcrumbList\",\"@id\":\"https:\/\/www.sgo-online.de\/astro\/astrogallery-finsternisse-und-bedeckungen\/#breadcrumb\",\"itemListElement\":[{\"@type\":\"ListItem\",\"position\":1,\"name\":\"Home\",\"item\":\"https:\/\/www.sgo-online.de\/astro\/\"},{\"@type\":\"ListItem\",\"position\":2,\"name\":\"AstroGallery: Finsternisse und Bedeckungen\"}]},{\"@type\":\"WebSite\",\"@id\":\"https:\/\/www.sgo-online.de\/astro\/#website\",\"url\":\"https:\/\/www.sgo-online.de\/astro\/\",\"name\":\"Stefans Gartenobservatorium\",\"description\":\"30 Jahre on Tour to the Stars\",\"publisher\":{\"@id\":\"https:\/\/www.sgo-online.de\/astro\/#organization\"},\"potentialAction\":[{\"@type\":\"SearchAction\",\"target\":{\"@type\":\"EntryPoint\",\"urlTemplate\":\"https:\/\/www.sgo-online.de\/astro\/?s={search_term_string}\"},\"query-input\":{\"@type\":\"PropertyValueSpecification\",\"valueRequired\":true,\"valueName\":\"search_term_string\"}}],\"inLanguage\":\"de\"},{\"@type\":\"Organization\",\"@id\":\"https:\/\/www.sgo-online.de\/astro\/#organization\",\"name\":\"Stefans Gartenobservatorium\",\"url\":\"https:\/\/www.sgo-online.de\/astro\/\",\"logo\":{\"@type\":\"ImageObject\",\"inLanguage\":\"de\",\"@id\":\"https:\/\/www.sgo-online.de\/astro\/#\/schema\/logo\/image\/\",\"url\":\"https:\/\/www.sgo-online.de\/astro\/wp-content\/uploads\/2020\/11\/logo-astro-klama-bw.jpg\",\"contentUrl\":\"https:\/\/www.sgo-online.de\/astro\/wp-content\/uploads\/2020\/11\/logo-astro-klama-bw.jpg\",\"width\":1125,\"height\":1125,\"caption\":\"Stefans Gartenobservatorium\"},\"image\":{\"@id\":\"https:\/\/www.sgo-online.de\/astro\/#\/schema\/logo\/image\/\"},\"sameAs\":[\"https:\/\/www.facebook.com\/stefan.griessinger\",\"https:\/\/www.instagram.com\/sgo2000\/?hl=de\",\"https:\/\/www.youtube.com\/user\/natprax\"]}]}<\/script>\n<!-- \/ Yoast SEO plugin. -->","yoast_head_json":{"title":"AstroGallery: Finsternisse und Bedeckungen","description":"Bilder von Sonnen- und Mondfinsternissen und von Planetentransits...","robots":{"index":"index","follow":"follow","max-snippet":"max-snippet:-1","max-image-preview":"max-image-preview:large","max-video-preview":"max-video-preview:-1"},"canonical":"https:\/\/www.sgo-online.de\/astro\/astrogallery-finsternisse-und-bedeckungen\/","og_locale":"de_DE","og_type":"article","og_title":"AstroGallery: Finsternisse und Bedeckungen","og_description":"Bilder von Sonnen- und Mondfinsternissen und von Planetentransits...","og_url":"https:\/\/www.sgo-online.de\/astro\/astrogallery-finsternisse-und-bedeckungen\/","og_site_name":"Stefans Gartenobservatorium","article_publisher":"https:\/\/www.facebook.com\/stefan.griessinger","article_modified_time":"2015-09-29T16:22:33+00:00","og_image":[{"url":"http:\/\/www.sgo-online.de\/astro\/nextgen-attach_to_post\/preview\/id--2549","type":"","width":"","height":""}],"twitter_card":"summary_large_image","schema":{"@context":"https:\/\/schema.org","@graph":[{"@type":"WebPage","@id":"https:\/\/www.sgo-online.de\/astro\/astrogallery-finsternisse-und-bedeckungen\/","url":"https:\/\/www.sgo-online.de\/astro\/astrogallery-finsternisse-und-bedeckungen\/","name":"AstroGallery: Finsternisse und Bedeckungen","isPartOf":{"@id":"https:\/\/www.sgo-online.de\/astro\/#website"},"primaryImageOfPage":{"@id":"https:\/\/www.sgo-online.de\/astro\/astrogallery-finsternisse-und-bedeckungen\/#primaryimage"},"image":{"@id":"https:\/\/www.sgo-online.de\/astro\/astrogallery-finsternisse-und-bedeckungen\/#primaryimage"},"thumbnailUrl":"http:\/\/www.sgo-online.de\/astro\/nextgen-attach_to_post\/preview\/id--2549","datePublished":"2015-03-29T14:55:59+00:00","dateModified":"2015-09-29T16:22:33+00:00","description":"Bilder von Sonnen- und Mondfinsternissen und von Planetentransits...","breadcrumb":{"@id":"https:\/\/www.sgo-online.de\/astro\/astrogallery-finsternisse-und-bedeckungen\/#breadcrumb"},"inLanguage":"de","potentialAction":[{"@type":"ReadAction","target":["https:\/\/www.sgo-online.de\/astro\/astrogallery-finsternisse-und-bedeckungen\/"]}]},{"@type":"ImageObject","inLanguage":"de","@id":"https:\/\/www.sgo-online.de\/astro\/astrogallery-finsternisse-und-bedeckungen\/#primaryimage","url":"http:\/\/www.sgo-online.de\/astro\/nextgen-attach_to_post\/preview\/id--2549","contentUrl":"http:\/\/www.sgo-online.de\/astro\/nextgen-attach_to_post\/preview\/id--2549"},{"@type":"BreadcrumbList","@id":"https:\/\/www.sgo-online.de\/astro\/astrogallery-finsternisse-und-bedeckungen\/#breadcrumb","itemListElement":[{"@type":"ListItem","position":1,"name":"Home","item":"https:\/\/www.sgo-online.de\/astro\/"},{"@type":"ListItem","position":2,"name":"AstroGallery: Finsternisse und Bedeckungen"}]},{"@type":"WebSite","@id":"https:\/\/www.sgo-online.de\/astro\/#website","url":"https:\/\/www.sgo-online.de\/astro\/","name":"Stefans Gartenobservatorium","description":"30 Jahre on Tour to the Stars","publisher":{"@id":"https:\/\/www.sgo-online.de\/astro\/#organization"},"potentialAction":[{"@type":"SearchAction","target":{"@type":"EntryPoint","urlTemplate":"https:\/\/www.sgo-online.de\/astro\/?s={search_term_string}"},"query-input":{"@type":"PropertyValueSpecification","valueRequired":true,"valueName":"search_term_string"}}],"inLanguage":"de"},{"@type":"Organization","@id":"https:\/\/www.sgo-online.de\/astro\/#organization","name":"Stefans Gartenobservatorium","url":"https:\/\/www.sgo-online.de\/astro\/","logo":{"@type":"ImageObject","inLanguage":"de","@id":"https:\/\/www.sgo-online.de\/astro\/#\/schema\/logo\/image\/","url":"https:\/\/www.sgo-online.de\/astro\/wp-content\/uploads\/2020\/11\/logo-astro-klama-bw.jpg","contentUrl":"https:\/\/www.sgo-online.de\/astro\/wp-content\/uploads\/2020\/11\/logo-astro-klama-bw.jpg","width":1125,"height":1125,"caption":"Stefans Gartenobservatorium"},"image":{"@id":"https:\/\/www.sgo-online.de\/astro\/#\/schema\/logo\/image\/"},"sameAs":["https:\/\/www.facebook.com\/stefan.griessinger","https:\/\/www.instagram.com\/sgo2000\/?hl=de","https:\/\/www.youtube.com\/user\/natprax"]}]}},"_links":{"self":[{"href":"https:\/\/www.sgo-online.de\/astro\/wp-json\/wp\/v2\/pages\/2540","targetHints":{"allow":["GET"]}}],"collection":[{"href":"https:\/\/www.sgo-online.de\/astro\/wp-json\/wp\/v2\/pages"}],"about":[{"href":"https:\/\/www.sgo-online.de\/astro\/wp-json\/wp\/v2\/types\/page"}],"author":[{"embeddable":true,"href":"https:\/\/www.sgo-online.de\/astro\/wp-json\/wp\/v2\/users\/1"}],"replies":[{"embeddable":true,"href":"https:\/\/www.sgo-online.de\/astro\/wp-json\/wp\/v2\/comments?post=2540"}],"version-history":[{"count":5,"href":"https:\/\/www.sgo-online.de\/astro\/wp-json\/wp\/v2\/pages\/2540\/revisions"}],"predecessor-version":[{"id":3157,"href":"https:\/\/www.sgo-online.de\/astro\/wp-json\/wp\/v2\/pages\/2540\/revisions\/3157"}],"wp:attachment":[{"href":"https:\/\/www.sgo-online.de\/astro\/wp-json\/wp\/v2\/media?parent=2540"}],"curies":[{"name":"wp","href":"https:\/\/api.w.org\/{rel}","templated":true}]}}