{"id":3712,"date":"2016-11-22T19:41:13","date_gmt":"2016-11-22T18:41:13","guid":{"rendered":"http:\/\/www.sgo-online.de\/astro\/?page_id=3712"},"modified":"2019-01-12T21:56:42","modified_gmt":"2019-01-12T20:56:42","slug":"astronomietag-2019","status":"publish","type":"page","link":"https:\/\/www.sgo-online.de\/astro\/astronomietag-2019\/","title":{"rendered":"Astronomietag 2019:"},"content":{"rendered":"\n<figure class=\"wp-block-image is-resized\"><img loading=\"lazy\" decoding=\"async\" src=\"https:\/\/www.sgo-online.de\/astro\/wp-content\/uploads\/2018\/12\/VdS_Astronomietag-2019_Banner-1024x410.png\" alt=\"\" class=\"wp-image-4287\" width=\"1024\" height=\"410\" srcset=\"https:\/\/www.sgo-online.de\/astro\/wp-content\/uploads\/2018\/12\/VdS_Astronomietag-2019_Banner-1024x410.png 1024w, https:\/\/www.sgo-online.de\/astro\/wp-content\/uploads\/2018\/12\/VdS_Astronomietag-2019_Banner-300x120.png 300w, https:\/\/www.sgo-online.de\/astro\/wp-content\/uploads\/2018\/12\/VdS_Astronomietag-2019_Banner-768x307.png 768w, https:\/\/www.sgo-online.de\/astro\/wp-content\/uploads\/2018\/12\/VdS_Astronomietag-2019_Banner-150x60.png 150w, https:\/\/www.sgo-online.de\/astro\/wp-content\/uploads\/2018\/12\/VdS_Astronomietag-2019_Banner.png 1200w\" sizes=\"auto, (max-width: 1024px) 100vw, 1024px\" \/><\/figure>\n\n\n\n<p style=\"text-align:left\">Am Samstag den 30. M\u00e4rz ist es wieder soweit, die <a href=\"https:\/\/www.vds-astro.de\/index.php?id=84\">Vereinigung der Sternfreunde (VdS) <\/a>l\u00e4dt zum <a href=\"https:\/\/www.vds-astro.de\/index.php?id=208\">deutschlandweiten Astronomietag<\/a>! Dieser Tag wurde geschaffen, um allen Interessierten die Welt der Sterne und des Alls n\u00e4her zu bringen.<br>Nach 2 Jahren Pause ist auch Stefans Gartenobservatorium heuer wieder mit dabei:<\/p>\n\n\n\n<h2 class=\"wp-block-heading\">Die Sonne &#8211; unser Stern<\/h2>\n\n\n\n<p>Um Sterne zu beobachten muss man nicht unbedingt nachts aufstehen, das geht auch am Tag! Denn wir haben einen Stern, der nicht nur \u00fcberhaupt das Leben auf unserer Erde m\u00f6glich macht, er ist auch nahe genug, um ihn mal ganz aus der N\u00e4he zu betrachten: unsere Sonne. Wer mal einen Blick auf Protuberanzen und Sonnenflecken werfen will, der hat zwischen 11:00 Uhr und 14:00 Uhr am Fl\u00f6\u00dferplatz die Gelegenheit dazu! Einfach vorbeikommen und mal einen Blick durchs Teleskop riskieren! Nat\u00fcrlich nur, wenn das Wetter mitspielt!<\/p>\n\n\n\n<figure class=\"wp-block-image\"><img loading=\"lazy\" decoding=\"async\" width=\"1024\" height=\"576\" src=\"https:\/\/www.sgo-online.de\/astro\/wp-content\/uploads\/2016\/07\/16-03-19-astrotag-23-1024x576.jpg\" alt=\"\" class=\"wp-image-3482\" srcset=\"https:\/\/www.sgo-online.de\/astro\/wp-content\/uploads\/2016\/07\/16-03-19-astrotag-23-1024x576.jpg 1024w, https:\/\/www.sgo-online.de\/astro\/wp-content\/uploads\/2016\/07\/16-03-19-astrotag-23-300x169.jpg 300w, https:\/\/www.sgo-online.de\/astro\/wp-content\/uploads\/2016\/07\/16-03-19-astrotag-23-768x432.jpg 768w, https:\/\/www.sgo-online.de\/astro\/wp-content\/uploads\/2016\/07\/16-03-19-astrotag-23-250x141.jpg 250w, https:\/\/www.sgo-online.de\/astro\/wp-content\/uploads\/2016\/07\/16-03-19-astrotag-23-150x84.jpg 150w, https:\/\/www.sgo-online.de\/astro\/wp-content\/uploads\/2016\/07\/16-03-19-astrotag-23.jpg 1200w\" sizes=\"auto, (max-width: 1024px) 100vw, 1024px\" \/><figcaption><a href=\"https:\/\/www.sgo-online.de\/astro\/astrotag-2016\/\">Astrotag 2016 <\/a>am Fl\u00f6\u00dferplatz, auch die Jugend schaut in die Sonne!<\/figcaption><\/figure>\n\n\n\n<h2 class=\"wp-block-heading\">Ein kleiner Marsch zu den Planeten<\/h2>\n\n\n\n<p>Landsberg hat einen Planetenweg &#8211; Dank der Sch\u00fcler des Ignaz-K\u00f6gler-Gymnasiums und ihres Lehrers Wolfgang M\u00fcller. Dieser Weg zeigt eindr\u00fccklich die gigantischen Entfernungen in unserem Planetensystem.<br>Zum Astronomietag 2019 biete ich eine gef\u00fchrte &#8222;Wanderung&#8220; entlang des Planetenwegs und werde den interessierten Spazierg\u00e4ngern noch das eine oder andere Detail n\u00e4herbringen, das nicht auf den Tafeln am Weg steht. Treffpunkt ist um 15:00 Uhr an der Sonne &#8211; am Lechwehr gegen\u00fcber der Post in der von-K\u00fchlmannstra\u00dfe. Die Planetenf\u00fchrung findet auch bei bedecktem Himmel statt, solange es nicht regnet! Eine Anmeldung ist nicht erforderlich!<\/p>\n\n\n\n<h2 class=\"wp-block-heading\">M\u00f6ge die Nacht mit uns sein!<\/h2>\n\n\n\n<p>Licht aus &#8211; Sterne an! Das ist das Motto des Astronomietages 2019! Also machen auch wir das Licht aus: Wie schon 2018 zur Mondfinsternis treffen wir uns ab 20:00 Uhr auf den Feldern nord\u00f6stlich von Kaufering bei der Pestkapelle um einen Blick in den Sternenhimmel zu werfen, mit blo\u00dfem Auge und nat\u00fcrlich mit den Teleskopen der Gartensternwarte. Wer Lust hat, einfach mal vorbei schauen!<\/p>\n\n\n\n<figure class=\"wp-block-image\"><img loading=\"lazy\" decoding=\"async\" width=\"1002\" height=\"984\" src=\"https:\/\/www.sgo-online.de\/astro\/wp-content\/uploads\/2019\/01\/sterne-astrotag.png\" alt=\"\" class=\"wp-image-4345\" srcset=\"https:\/\/www.sgo-online.de\/astro\/wp-content\/uploads\/2019\/01\/sterne-astrotag.png 1002w, https:\/\/www.sgo-online.de\/astro\/wp-content\/uploads\/2019\/01\/sterne-astrotag-300x295.png 300w, https:\/\/www.sgo-online.de\/astro\/wp-content\/uploads\/2019\/01\/sterne-astrotag-768x754.png 768w, https:\/\/www.sgo-online.de\/astro\/wp-content\/uploads\/2019\/01\/sterne-astrotag-150x147.png 150w\" sizes=\"auto, (max-width: 1002px) 100vw, 1002px\" \/><\/figure>\n\n\n\n<p>Leider werden uns nicht nur die Sterne an diesem Abend begleiten &#8211; sollte das Wetter passen &#8211; sondern auch die Lichtkuppeln von M\u00fcnchen, Landsberg und Kaufering. Die Lichtverschmutzung macht den Blick zum Himmel immer schwieriger &#8211; schon mehr als 2 Milliarden Menschen weltweit haben in ihrem Leben noch nie einen Sternenhimmel gesehen! Daher auch das Motto des Astronomietags 2019: M\u00f6ge die Nacht mit uns sein! Denn jeder kann etwas daf\u00fcr tun, dass die Lichtverschmutzung nicht irgendwann selbst den Blick zum gro\u00dfen Wagen unm\u00f6glich macht!<\/p>\n\n\n<p style=\"text-align: left;\">Programm zum Astronomietag 2019 (30. M\u00e4rz 2019):<\/p>\n<table>\n<tbody>\n<tr>\n<td>11:00 &#8211; 14:00 Uhr:<\/td>\n<td>Sonnenbeobachtung am Fl\u00f6\u00dferplatz in Landsberg<\/td>\n<\/tr>\n<tr>\n<td>15:00 Uhr:<\/td>\n<td>Der Landsberger Planetenweg: eine gef\u00fchrte Wanderung durchs Sonnensystem<\/td>\n<\/tr>\n<tr>\n<td>ab 20:00 Uhr:&nbsp;<\/td>\n<td>Sternenbeobachtung &#8220; M\u00f6ge die Nacht mit uns sein!&#8220; in Kaufering bei der Pestkapelle<\/td>\n<\/tr>\n<\/tbody>\n<\/table>\n<p>&nbsp;<\/p>","protected":false},"excerpt":{"rendered":"<p>Am Samstag den 30. M\u00e4rz ist es wieder soweit, die Vereinigung der Sternfreunde (VdS) l\u00e4dt zum deutschlandweiten Astronomietag! Dieser Tag wurde geschaffen, um allen Interessierten die Welt der Sterne und des Alls n\u00e4her zu bringen.Nach 2 Jahren Pause ist auch Stefans Gartenobservatorium heuer wieder mit dabei: Die Sonne &#8211; unser\u2026<\/p>\n<p class=\"continue-reading-button\"> <a class=\"continue-reading-link\" href=\"https:\/\/www.sgo-online.de\/astro\/astronomietag-2019\/\">Weiter lesen&#8230;.<i class=\"crycon-right-dir\"><\/i><\/a><\/p>\n","protected":false},"author":1,"featured_media":0,"parent":0,"menu_order":0,"comment_status":"closed","ping_status":"closed","template":"","meta":{"ngg_post_thumbnail":0,"footnotes":""},"class_list":["post-3712","page","type-page","status-publish","hentry"],"yoast_head":"<!-- This site is optimized with the Yoast SEO plugin v26.3 - https:\/\/yoast.com\/wordpress\/plugins\/seo\/ -->\n<title>Astronomietag 2019: - M\u00f6ge die Nacht mit uns sein!<\/title>\n<meta name=\"description\" content=\"Am 30. M\u00e4rz findet der Astronomietag 2019 statt. Kommen Sie nach Landsberg und erleben Sie die Sonne und die Tiefen des Alls mit ihren eigenen Augen!\" \/>\n<meta name=\"robots\" content=\"index, follow, max-snippet:-1, max-image-preview:large, max-video-preview:-1\" \/>\n<link rel=\"canonical\" href=\"https:\/\/www.sgo-online.de\/astro\/astronomietag-2019\/\" \/>\n<meta property=\"og:locale\" content=\"de_DE\" \/>\n<meta property=\"og:type\" content=\"article\" \/>\n<meta property=\"og:title\" content=\"Astronomietag 2019: - M\u00f6ge die Nacht mit uns sein!\" \/>\n<meta property=\"og:description\" content=\"Am 30. M\u00e4rz findet der Astronomietag 2019 statt. Kommen Sie nach Landsberg und erleben Sie die Sonne und die Tiefen des Alls mit ihren eigenen Augen!\" \/>\n<meta property=\"og:url\" content=\"https:\/\/www.sgo-online.de\/astro\/astronomietag-2019\/\" \/>\n<meta property=\"og:site_name\" content=\"Stefans Gartenobservatorium\" \/>\n<meta property=\"article:publisher\" content=\"https:\/\/www.facebook.com\/stefan.griessinger\" \/>\n<meta property=\"article:modified_time\" content=\"2019-01-12T20:56:42+00:00\" \/>\n<meta property=\"og:image\" content=\"https:\/\/www.sgo-online.de\/astro\/wp-content\/uploads\/2018\/12\/VdS_Astronomietag-2019_Banner-1024x410.png\" \/>\n<meta name=\"twitter:card\" content=\"summary_large_image\" \/>\n<meta name=\"twitter:label1\" content=\"Gesch\u00e4tzte Lesezeit\" \/>\n\t<meta name=\"twitter:data1\" content=\"2\u00a0Minuten\" \/>\n<script type=\"application\/ld+json\" class=\"yoast-schema-graph\">{\"@context\":\"https:\/\/schema.org\",\"@graph\":[{\"@type\":\"WebPage\",\"@id\":\"https:\/\/www.sgo-online.de\/astro\/astronomietag-2019\/\",\"url\":\"https:\/\/www.sgo-online.de\/astro\/astronomietag-2019\/\",\"name\":\"Astronomietag 2019: - M\u00f6ge die Nacht mit uns sein!\",\"isPartOf\":{\"@id\":\"https:\/\/www.sgo-online.de\/astro\/#website\"},\"primaryImageOfPage\":{\"@id\":\"https:\/\/www.sgo-online.de\/astro\/astronomietag-2019\/#primaryimage\"},\"image\":{\"@id\":\"https:\/\/www.sgo-online.de\/astro\/astronomietag-2019\/#primaryimage\"},\"thumbnailUrl\":\"https:\/\/www.sgo-online.de\/astro\/wp-content\/uploads\/2018\/12\/VdS_Astronomietag-2019_Banner-1024x410.png\",\"datePublished\":\"2016-11-22T18:41:13+00:00\",\"dateModified\":\"2019-01-12T20:56:42+00:00\",\"description\":\"Am 30. M\u00e4rz findet der Astronomietag 2019 statt. Kommen Sie nach Landsberg und erleben Sie die Sonne und die Tiefen des Alls mit ihren eigenen Augen!\",\"breadcrumb\":{\"@id\":\"https:\/\/www.sgo-online.de\/astro\/astronomietag-2019\/#breadcrumb\"},\"inLanguage\":\"de\",\"potentialAction\":[{\"@type\":\"ReadAction\",\"target\":[\"https:\/\/www.sgo-online.de\/astro\/astronomietag-2019\/\"]}]},{\"@type\":\"ImageObject\",\"inLanguage\":\"de\",\"@id\":\"https:\/\/www.sgo-online.de\/astro\/astronomietag-2019\/#primaryimage\",\"url\":\"https:\/\/www.sgo-online.de\/astro\/wp-content\/uploads\/2018\/12\/VdS_Astronomietag-2019_Banner.png\",\"contentUrl\":\"https:\/\/www.sgo-online.de\/astro\/wp-content\/uploads\/2018\/12\/VdS_Astronomietag-2019_Banner.png\",\"width\":1200,\"height\":480},{\"@type\":\"BreadcrumbList\",\"@id\":\"https:\/\/www.sgo-online.de\/astro\/astronomietag-2019\/#breadcrumb\",\"itemListElement\":[{\"@type\":\"ListItem\",\"position\":1,\"name\":\"Home\",\"item\":\"https:\/\/www.sgo-online.de\/astro\/\"},{\"@type\":\"ListItem\",\"position\":2,\"name\":\"Astronomietag 2019:\"}]},{\"@type\":\"WebSite\",\"@id\":\"https:\/\/www.sgo-online.de\/astro\/#website\",\"url\":\"https:\/\/www.sgo-online.de\/astro\/\",\"name\":\"Stefans Gartenobservatorium\",\"description\":\"30 Jahre on Tour to the Stars\",\"publisher\":{\"@id\":\"https:\/\/www.sgo-online.de\/astro\/#organization\"},\"potentialAction\":[{\"@type\":\"SearchAction\",\"target\":{\"@type\":\"EntryPoint\",\"urlTemplate\":\"https:\/\/www.sgo-online.de\/astro\/?s={search_term_string}\"},\"query-input\":{\"@type\":\"PropertyValueSpecification\",\"valueRequired\":true,\"valueName\":\"search_term_string\"}}],\"inLanguage\":\"de\"},{\"@type\":\"Organization\",\"@id\":\"https:\/\/www.sgo-online.de\/astro\/#organization\",\"name\":\"Stefans Gartenobservatorium\",\"url\":\"https:\/\/www.sgo-online.de\/astro\/\",\"logo\":{\"@type\":\"ImageObject\",\"inLanguage\":\"de\",\"@id\":\"https:\/\/www.sgo-online.de\/astro\/#\/schema\/logo\/image\/\",\"url\":\"https:\/\/www.sgo-online.de\/astro\/wp-content\/uploads\/2020\/11\/logo-astro-klama-bw.jpg\",\"contentUrl\":\"https:\/\/www.sgo-online.de\/astro\/wp-content\/uploads\/2020\/11\/logo-astro-klama-bw.jpg\",\"width\":1125,\"height\":1125,\"caption\":\"Stefans Gartenobservatorium\"},\"image\":{\"@id\":\"https:\/\/www.sgo-online.de\/astro\/#\/schema\/logo\/image\/\"},\"sameAs\":[\"https:\/\/www.facebook.com\/stefan.griessinger\",\"https:\/\/www.instagram.com\/sgo2000\/?hl=de\",\"https:\/\/www.youtube.com\/user\/natprax\"]}]}<\/script>\n<!-- \/ Yoast SEO plugin. -->","yoast_head_json":{"title":"Astronomietag 2019: - M\u00f6ge die Nacht mit uns sein!","description":"Am 30. M\u00e4rz findet der Astronomietag 2019 statt. Kommen Sie nach Landsberg und erleben Sie die Sonne und die Tiefen des Alls mit ihren eigenen Augen!","robots":{"index":"index","follow":"follow","max-snippet":"max-snippet:-1","max-image-preview":"max-image-preview:large","max-video-preview":"max-video-preview:-1"},"canonical":"https:\/\/www.sgo-online.de\/astro\/astronomietag-2019\/","og_locale":"de_DE","og_type":"article","og_title":"Astronomietag 2019: - M\u00f6ge die Nacht mit uns sein!","og_description":"Am 30. M\u00e4rz findet der Astronomietag 2019 statt. Kommen Sie nach Landsberg und erleben Sie die Sonne und die Tiefen des Alls mit ihren eigenen Augen!","og_url":"https:\/\/www.sgo-online.de\/astro\/astronomietag-2019\/","og_site_name":"Stefans Gartenobservatorium","article_publisher":"https:\/\/www.facebook.com\/stefan.griessinger","article_modified_time":"2019-01-12T20:56:42+00:00","og_image":[{"url":"https:\/\/www.sgo-online.de\/astro\/wp-content\/uploads\/2018\/12\/VdS_Astronomietag-2019_Banner-1024x410.png","type":"","width":"","height":""}],"twitter_card":"summary_large_image","twitter_misc":{"Gesch\u00e4tzte Lesezeit":"2\u00a0Minuten"},"schema":{"@context":"https:\/\/schema.org","@graph":[{"@type":"WebPage","@id":"https:\/\/www.sgo-online.de\/astro\/astronomietag-2019\/","url":"https:\/\/www.sgo-online.de\/astro\/astronomietag-2019\/","name":"Astronomietag 2019: - M\u00f6ge die Nacht mit uns sein!","isPartOf":{"@id":"https:\/\/www.sgo-online.de\/astro\/#website"},"primaryImageOfPage":{"@id":"https:\/\/www.sgo-online.de\/astro\/astronomietag-2019\/#primaryimage"},"image":{"@id":"https:\/\/www.sgo-online.de\/astro\/astronomietag-2019\/#primaryimage"},"thumbnailUrl":"https:\/\/www.sgo-online.de\/astro\/wp-content\/uploads\/2018\/12\/VdS_Astronomietag-2019_Banner-1024x410.png","datePublished":"2016-11-22T18:41:13+00:00","dateModified":"2019-01-12T20:56:42+00:00","description":"Am 30. M\u00e4rz findet der Astronomietag 2019 statt. Kommen Sie nach Landsberg und erleben Sie die Sonne und die Tiefen des Alls mit ihren eigenen Augen!","breadcrumb":{"@id":"https:\/\/www.sgo-online.de\/astro\/astronomietag-2019\/#breadcrumb"},"inLanguage":"de","potentialAction":[{"@type":"ReadAction","target":["https:\/\/www.sgo-online.de\/astro\/astronomietag-2019\/"]}]},{"@type":"ImageObject","inLanguage":"de","@id":"https:\/\/www.sgo-online.de\/astro\/astronomietag-2019\/#primaryimage","url":"https:\/\/www.sgo-online.de\/astro\/wp-content\/uploads\/2018\/12\/VdS_Astronomietag-2019_Banner.png","contentUrl":"https:\/\/www.sgo-online.de\/astro\/wp-content\/uploads\/2018\/12\/VdS_Astronomietag-2019_Banner.png","width":1200,"height":480},{"@type":"BreadcrumbList","@id":"https:\/\/www.sgo-online.de\/astro\/astronomietag-2019\/#breadcrumb","itemListElement":[{"@type":"ListItem","position":1,"name":"Home","item":"https:\/\/www.sgo-online.de\/astro\/"},{"@type":"ListItem","position":2,"name":"Astronomietag 2019:"}]},{"@type":"WebSite","@id":"https:\/\/www.sgo-online.de\/astro\/#website","url":"https:\/\/www.sgo-online.de\/astro\/","name":"Stefans Gartenobservatorium","description":"30 Jahre on Tour to the Stars","publisher":{"@id":"https:\/\/www.sgo-online.de\/astro\/#organization"},"potentialAction":[{"@type":"SearchAction","target":{"@type":"EntryPoint","urlTemplate":"https:\/\/www.sgo-online.de\/astro\/?s={search_term_string}"},"query-input":{"@type":"PropertyValueSpecification","valueRequired":true,"valueName":"search_term_string"}}],"inLanguage":"de"},{"@type":"Organization","@id":"https:\/\/www.sgo-online.de\/astro\/#organization","name":"Stefans Gartenobservatorium","url":"https:\/\/www.sgo-online.de\/astro\/","logo":{"@type":"ImageObject","inLanguage":"de","@id":"https:\/\/www.sgo-online.de\/astro\/#\/schema\/logo\/image\/","url":"https:\/\/www.sgo-online.de\/astro\/wp-content\/uploads\/2020\/11\/logo-astro-klama-bw.jpg","contentUrl":"https:\/\/www.sgo-online.de\/astro\/wp-content\/uploads\/2020\/11\/logo-astro-klama-bw.jpg","width":1125,"height":1125,"caption":"Stefans Gartenobservatorium"},"image":{"@id":"https:\/\/www.sgo-online.de\/astro\/#\/schema\/logo\/image\/"},"sameAs":["https:\/\/www.facebook.com\/stefan.griessinger","https:\/\/www.instagram.com\/sgo2000\/?hl=de","https:\/\/www.youtube.com\/user\/natprax"]}]}},"_links":{"self":[{"href":"https:\/\/www.sgo-online.de\/astro\/wp-json\/wp\/v2\/pages\/3712","targetHints":{"allow":["GET"]}}],"collection":[{"href":"https:\/\/www.sgo-online.de\/astro\/wp-json\/wp\/v2\/pages"}],"about":[{"href":"https:\/\/www.sgo-online.de\/astro\/wp-json\/wp\/v2\/types\/page"}],"author":[{"embeddable":true,"href":"https:\/\/www.sgo-online.de\/astro\/wp-json\/wp\/v2\/users\/1"}],"replies":[{"embeddable":true,"href":"https:\/\/www.sgo-online.de\/astro\/wp-json\/wp\/v2\/comments?post=3712"}],"version-history":[{"count":14,"href":"https:\/\/www.sgo-online.de\/astro\/wp-json\/wp\/v2\/pages\/3712\/revisions"}],"predecessor-version":[{"id":4350,"href":"https:\/\/www.sgo-online.de\/astro\/wp-json\/wp\/v2\/pages\/3712\/revisions\/4350"}],"wp:attachment":[{"href":"https:\/\/www.sgo-online.de\/astro\/wp-json\/wp\/v2\/media?parent=3712"}],"curies":[{"name":"wp","href":"https:\/\/api.w.org\/{rel}","templated":true}]}}