{"id":424,"date":"2012-03-12T14:47:13","date_gmt":"2012-03-12T13:47:13","guid":{"rendered":"http:\/\/www.sgo-online.de\/astro\/?page_id=424"},"modified":"2016-01-27T14:52:55","modified_gmt":"2016-01-27T13:52:55","slug":"sonnenarchiv","status":"publish","type":"page","link":"https:\/\/www.sgo-online.de\/astro\/sonnenarchiv\/","title":{"rendered":"AstroGallery: Sonnenarchiv"},"content":{"rendered":"<p style=\"text-align: center;\">Im Sonnenarchiv finden Sie alle Aufnahmen von der Sonne, die seit 2012 im Wei\u00dflicht und h-alpha aufgenommen wurden. Das Aufnahmedatum erscheint, wenn Sie l\u00e4nger mit der Maus auf dem jeweiligen Bild verweilen. Um die Aufnahmetechnik und -ger\u00e4t herauszufinden, klicken Sie auf das jeweilige Vorschau-Bild. Daten zur Aufnahmen finden Sie in der gro\u00dfen Ansicht unter der jeweiligen Aufnahme. Viel Spa\u00df beim St\u00f6bern im SGO Sonnenarchiv!<\/p>\n<p style=\"text-align: center;\"><strong>1. Quartal 2016<\/strong><\/p>\n<p style=\"text-align: center;\">ngg_shortcode_0_placeholder<\/p>\n<p style=\"text-align: center;\">\n<p style=\"text-align: center;\"><strong>2015<\/strong><\/p>\n<p style=\"text-align: center;\">ngg_shortcode_1_placeholder<\/p>\n<p style=\"text-align: center;\"><strong>2014<\/strong><\/p>\n<p style=\"text-align: center;\">ngg_shortcode_2_placeholder<\/p>\n<p style=\"text-align: center;\"><strong>3. Quartal 2013<\/strong><\/p>\n<p style=\"text-align: center;\">ngg_shortcode_3_placeholder<\/p>\n<p style=\"text-align: center;\"><strong>2. Quartal 2013<\/strong><\/p>\n<p style=\"text-align: center;\">ngg_shortcode_4_placeholder<\/p>\n<p style=\"text-align: center;\"><strong>1. Quartal 2013<\/strong><\/p>\n<p style=\"text-align: center;\">ngg_shortcode_5_placeholder<\/p>\n<p style=\"text-align: center;\"><strong>4. Quartal\u00a02012<\/strong><\/p>\n<p style=\"text-align: center;\">ngg_shortcode_6_placeholder<\/p>\n<p style=\"text-align: center;\"><strong>3. Quartal\u00a02012<\/strong><\/p>\n<p style=\"text-align: center;\">ngg_shortcode_7_placeholder<\/p>\n<p style=\"text-align: center;\"><strong>Venustransit 2012<\/strong><\/p>\n<p style=\"text-align: center;\">ngg_shortcode_8_placeholder<\/p>\n<p style=\"text-align: center;\"><strong>2. Quartal\u00a02012<\/strong><\/p>\n<p style=\"text-align: center;\">ngg_shortcode_9_placeholder<\/p>\n<p style=\"text-align: center;\"><strong>1. Quartal\u00a02012<\/strong><\/p>\n<p style=\"text-align: center;\">ngg_shortcode_10_placeholder<\/p>\n<p style=\"text-align: center;\">\n","protected":false},"excerpt":{"rendered":"<p>Im Sonnenarchiv finden Sie alle Aufnahmen von der Sonne, die seit 2012 im Wei\u00dflicht und h-alpha aufgenommen wurden. Das Aufnahmedatum erscheint, wenn Sie l\u00e4nger mit der Maus auf dem jeweiligen Bild verweilen. Um die Aufnahmetechnik und -ger\u00e4t herauszufinden, klicken Sie auf das jeweilige Vorschau-Bild. Daten zur Aufnahmen finden Sie in\u2026<\/p>\n<p class=\"continue-reading-button\"> <a class=\"continue-reading-link\" href=\"https:\/\/www.sgo-online.de\/astro\/sonnenarchiv\/\">Weiter lesen&#8230;.<i class=\"crycon-right-dir\"><\/i><\/a><\/p>\n","protected":false},"author":1,"featured_media":0,"parent":0,"menu_order":0,"comment_status":"open","ping_status":"open","template":"","meta":{"ngg_post_thumbnail":0,"footnotes":""},"class_list":["post-424","page","type-page","status-publish","hentry"],"yoast_head":"<!-- This site is optimized with the Yoast SEO plugin v26.3 - https:\/\/yoast.com\/wordpress\/plugins\/seo\/ -->\n<title>AstroGallery: Das Sonnenarchiv<\/title>\n<meta name=\"description\" content=\"Im Sonnenarchiv finden Sie alle Bilder von der Sonne, ihren Flecken, Protuberanzen, Fackeln und Filamenten in Wei\u00dflicht und H-alpha von 2012 bis heute\" \/>\n<meta name=\"robots\" content=\"index, follow, max-snippet:-1, max-image-preview:large, max-video-preview:-1\" \/>\n<link rel=\"canonical\" href=\"https:\/\/www.sgo-online.de\/astro\/sonnenarchiv\/\" \/>\n<meta property=\"og:locale\" content=\"de_DE\" \/>\n<meta property=\"og:type\" content=\"article\" \/>\n<meta property=\"og:title\" content=\"AstroGallery: Das Sonnenarchiv\" \/>\n<meta property=\"og:description\" content=\"Im Sonnenarchiv finden Sie alle Bilder von der Sonne, ihren Flecken, Protuberanzen, Fackeln und Filamenten in Wei\u00dflicht und H-alpha von 2012 bis heute\" \/>\n<meta property=\"og:url\" content=\"https:\/\/www.sgo-online.de\/astro\/sonnenarchiv\/\" \/>\n<meta property=\"og:site_name\" content=\"Stefans Gartenobservatorium\" \/>\n<meta property=\"article:publisher\" content=\"https:\/\/www.facebook.com\/stefan.griessinger\" \/>\n<meta property=\"article:modified_time\" content=\"2016-01-27T13:52:55+00:00\" \/>\n<meta name=\"twitter:card\" content=\"summary_large_image\" \/>\n<script type=\"application\/ld+json\" class=\"yoast-schema-graph\">{\"@context\":\"https:\/\/schema.org\",\"@graph\":[{\"@type\":\"WebPage\",\"@id\":\"https:\/\/www.sgo-online.de\/astro\/sonnenarchiv\/\",\"url\":\"https:\/\/www.sgo-online.de\/astro\/sonnenarchiv\/\",\"name\":\"AstroGallery: Das Sonnenarchiv\",\"isPartOf\":{\"@id\":\"https:\/\/www.sgo-online.de\/astro\/#website\"},\"datePublished\":\"2012-03-12T13:47:13+00:00\",\"dateModified\":\"2016-01-27T13:52:55+00:00\",\"description\":\"Im Sonnenarchiv finden Sie alle Bilder von der Sonne, ihren Flecken, Protuberanzen, Fackeln und Filamenten in Wei\u00dflicht und H-alpha von 2012 bis heute\",\"breadcrumb\":{\"@id\":\"https:\/\/www.sgo-online.de\/astro\/sonnenarchiv\/#breadcrumb\"},\"inLanguage\":\"de\",\"potentialAction\":[{\"@type\":\"ReadAction\",\"target\":[\"https:\/\/www.sgo-online.de\/astro\/sonnenarchiv\/\"]}]},{\"@type\":\"BreadcrumbList\",\"@id\":\"https:\/\/www.sgo-online.de\/astro\/sonnenarchiv\/#breadcrumb\",\"itemListElement\":[{\"@type\":\"ListItem\",\"position\":1,\"name\":\"Home\",\"item\":\"https:\/\/www.sgo-online.de\/astro\/\"},{\"@type\":\"ListItem\",\"position\":2,\"name\":\"AstroGallery: Sonnenarchiv\"}]},{\"@type\":\"WebSite\",\"@id\":\"https:\/\/www.sgo-online.de\/astro\/#website\",\"url\":\"https:\/\/www.sgo-online.de\/astro\/\",\"name\":\"Stefans Gartenobservatorium\",\"description\":\"30 Jahre on Tour to the Stars\",\"publisher\":{\"@id\":\"https:\/\/www.sgo-online.de\/astro\/#organization\"},\"potentialAction\":[{\"@type\":\"SearchAction\",\"target\":{\"@type\":\"EntryPoint\",\"urlTemplate\":\"https:\/\/www.sgo-online.de\/astro\/?s={search_term_string}\"},\"query-input\":{\"@type\":\"PropertyValueSpecification\",\"valueRequired\":true,\"valueName\":\"search_term_string\"}}],\"inLanguage\":\"de\"},{\"@type\":\"Organization\",\"@id\":\"https:\/\/www.sgo-online.de\/astro\/#organization\",\"name\":\"Stefans Gartenobservatorium\",\"url\":\"https:\/\/www.sgo-online.de\/astro\/\",\"logo\":{\"@type\":\"ImageObject\",\"inLanguage\":\"de\",\"@id\":\"https:\/\/www.sgo-online.de\/astro\/#\/schema\/logo\/image\/\",\"url\":\"https:\/\/www.sgo-online.de\/astro\/wp-content\/uploads\/2020\/11\/logo-astro-klama-bw.jpg\",\"contentUrl\":\"https:\/\/www.sgo-online.de\/astro\/wp-content\/uploads\/2020\/11\/logo-astro-klama-bw.jpg\",\"width\":1125,\"height\":1125,\"caption\":\"Stefans Gartenobservatorium\"},\"image\":{\"@id\":\"https:\/\/www.sgo-online.de\/astro\/#\/schema\/logo\/image\/\"},\"sameAs\":[\"https:\/\/www.facebook.com\/stefan.griessinger\",\"https:\/\/www.instagram.com\/sgo2000\/?hl=de\",\"https:\/\/www.youtube.com\/user\/natprax\"]}]}<\/script>\n<!-- \/ Yoast SEO plugin. -->","yoast_head_json":{"title":"AstroGallery: Das Sonnenarchiv","description":"Im Sonnenarchiv finden Sie alle Bilder von der Sonne, ihren Flecken, Protuberanzen, Fackeln und Filamenten in Wei\u00dflicht und H-alpha von 2012 bis heute","robots":{"index":"index","follow":"follow","max-snippet":"max-snippet:-1","max-image-preview":"max-image-preview:large","max-video-preview":"max-video-preview:-1"},"canonical":"https:\/\/www.sgo-online.de\/astro\/sonnenarchiv\/","og_locale":"de_DE","og_type":"article","og_title":"AstroGallery: Das Sonnenarchiv","og_description":"Im Sonnenarchiv finden Sie alle Bilder von der Sonne, ihren Flecken, Protuberanzen, Fackeln und Filamenten in Wei\u00dflicht und H-alpha von 2012 bis heute","og_url":"https:\/\/www.sgo-online.de\/astro\/sonnenarchiv\/","og_site_name":"Stefans Gartenobservatorium","article_publisher":"https:\/\/www.facebook.com\/stefan.griessinger","article_modified_time":"2016-01-27T13:52:55+00:00","twitter_card":"summary_large_image","schema":{"@context":"https:\/\/schema.org","@graph":[{"@type":"WebPage","@id":"https:\/\/www.sgo-online.de\/astro\/sonnenarchiv\/","url":"https:\/\/www.sgo-online.de\/astro\/sonnenarchiv\/","name":"AstroGallery: Das Sonnenarchiv","isPartOf":{"@id":"https:\/\/www.sgo-online.de\/astro\/#website"},"datePublished":"2012-03-12T13:47:13+00:00","dateModified":"2016-01-27T13:52:55+00:00","description":"Im Sonnenarchiv finden Sie alle Bilder von der Sonne, ihren Flecken, Protuberanzen, Fackeln und Filamenten in Wei\u00dflicht und H-alpha von 2012 bis heute","breadcrumb":{"@id":"https:\/\/www.sgo-online.de\/astro\/sonnenarchiv\/#breadcrumb"},"inLanguage":"de","potentialAction":[{"@type":"ReadAction","target":["https:\/\/www.sgo-online.de\/astro\/sonnenarchiv\/"]}]},{"@type":"BreadcrumbList","@id":"https:\/\/www.sgo-online.de\/astro\/sonnenarchiv\/#breadcrumb","itemListElement":[{"@type":"ListItem","position":1,"name":"Home","item":"https:\/\/www.sgo-online.de\/astro\/"},{"@type":"ListItem","position":2,"name":"AstroGallery: Sonnenarchiv"}]},{"@type":"WebSite","@id":"https:\/\/www.sgo-online.de\/astro\/#website","url":"https:\/\/www.sgo-online.de\/astro\/","name":"Stefans Gartenobservatorium","description":"30 Jahre on Tour to the Stars","publisher":{"@id":"https:\/\/www.sgo-online.de\/astro\/#organization"},"potentialAction":[{"@type":"SearchAction","target":{"@type":"EntryPoint","urlTemplate":"https:\/\/www.sgo-online.de\/astro\/?s={search_term_string}"},"query-input":{"@type":"PropertyValueSpecification","valueRequired":true,"valueName":"search_term_string"}}],"inLanguage":"de"},{"@type":"Organization","@id":"https:\/\/www.sgo-online.de\/astro\/#organization","name":"Stefans Gartenobservatorium","url":"https:\/\/www.sgo-online.de\/astro\/","logo":{"@type":"ImageObject","inLanguage":"de","@id":"https:\/\/www.sgo-online.de\/astro\/#\/schema\/logo\/image\/","url":"https:\/\/www.sgo-online.de\/astro\/wp-content\/uploads\/2020\/11\/logo-astro-klama-bw.jpg","contentUrl":"https:\/\/www.sgo-online.de\/astro\/wp-content\/uploads\/2020\/11\/logo-astro-klama-bw.jpg","width":1125,"height":1125,"caption":"Stefans Gartenobservatorium"},"image":{"@id":"https:\/\/www.sgo-online.de\/astro\/#\/schema\/logo\/image\/"},"sameAs":["https:\/\/www.facebook.com\/stefan.griessinger","https:\/\/www.instagram.com\/sgo2000\/?hl=de","https:\/\/www.youtube.com\/user\/natprax"]}]}},"_links":{"self":[{"href":"https:\/\/www.sgo-online.de\/astro\/wp-json\/wp\/v2\/pages\/424","targetHints":{"allow":["GET"]}}],"collection":[{"href":"https:\/\/www.sgo-online.de\/astro\/wp-json\/wp\/v2\/pages"}],"about":[{"href":"https:\/\/www.sgo-online.de\/astro\/wp-json\/wp\/v2\/types\/page"}],"author":[{"embeddable":true,"href":"https:\/\/www.sgo-online.de\/astro\/wp-json\/wp\/v2\/users\/1"}],"replies":[{"embeddable":true,"href":"https:\/\/www.sgo-online.de\/astro\/wp-json\/wp\/v2\/comments?post=424"}],"version-history":[{"count":30,"href":"https:\/\/www.sgo-online.de\/astro\/wp-json\/wp\/v2\/pages\/424\/revisions"}],"predecessor-version":[{"id":3347,"href":"https:\/\/www.sgo-online.de\/astro\/wp-json\/wp\/v2\/pages\/424\/revisions\/3347"}],"wp:attachment":[{"href":"https:\/\/www.sgo-online.de\/astro\/wp-json\/wp\/v2\/media?parent=424"}],"curies":[{"name":"wp","href":"https:\/\/api.w.org\/{rel}","templated":true}]}}