{"id":44,"date":"2011-06-04T18:14:29","date_gmt":"2011-06-04T18:14:29","guid":{"rendered":"http:\/\/www.sgo-online.de\/astro\/?page_id=44"},"modified":"2016-01-24T11:53:39","modified_gmt":"2016-01-24T10:53:39","slug":"hallo-sterngucker","status":"publish","type":"page","link":"https:\/\/www.sgo-online.de\/astro\/hallo-sterngucker\/","title":{"rendered":"Hallo Sterngucker!"},"content":{"rendered":"<p><iframe loading=\"lazy\" src=\"https:\/\/www.youtube-nocookie.com\/embed\/KbKf3Ryboko?autoplay=1&amp;rel=0\" width=\"1150\" height=\"647\" frameborder=\"0\" allowfullscreen=\"allowfullscreen\"><\/iframe><\/p>\n<h1 style=\"text-align: center;\">Hallo Sterngucker!<\/h1>\n<p style=\"text-align: center;\">Herzlich willkommen auf meiner Astro-Seite! F\u00fcr alle Sterngucker, Teleskoppiloten, Monds\u00fcchtigen und Planetenj\u00e4ger gibt es hier was zu finden! Viel Spa\u00df beim St\u00f6bern!<\/p>\n<p style=\"text-align: center;\"><img decoding=\"async\" class=\"ngg-singlepic ngg-center\" src=\"http:\/\/www.sgo-online.de\/astro\/wp-content\/gallery\/neue-bilder-2011\/15-12-20-kf-c2013US10-catalina-stack2.jpg\" alt=\"C\/2013 US10 Catalina\" \/><\/p>\n<p style=\"text-align: center;\">Komet Catalina (C\/2013 US 10) vom 20. Dezember 2015<\/p>\n<p style=\"text-align: center;\"><a href=\"http:\/\/www.sgo-online.de\/astro\/blutmond-2015\/\">Hier gibt&#8217;s die Bilder von der Mondfinsternis 2015<\/a><\/p>\n<p style=\"text-align: center;\">Das war die Sonnenfinsternis 2015! Neugierig? Dann unten Klicken!<\/p>\n<p style=\"text-align: center;\"><a title=\"Sonnenfinsternis 2015 \u2013 ein besonderer Astro-Tag\" href=\"http:\/\/www.sgo-online.de\/astro\/sofi\/\">www.sgo-online.de\/astro\/sofi<\/a><\/p>\n<p style=\"text-align: center;\">________<\/p>\n<p style=\"text-align: center;\">Che la luce delle stelle illumini sempre il tuo cammino!<\/p>\n<p style=\"text-align: center;\">May there ever be starlight at your path!<br \/>\nM\u00f6ge immer Sternenlicht Euren Weg erleuchten!<\/p>\n<p>&nbsp;<\/p>\n<p><strong><br \/>\n<\/strong><\/p>\n","protected":false},"excerpt":{"rendered":"<p>Hallo Sterngucker! Herzlich willkommen auf meiner Astro-Seite! F\u00fcr alle Sterngucker, Teleskoppiloten, Monds\u00fcchtigen und Planetenj\u00e4ger gibt es hier was zu finden! Viel Spa\u00df beim St\u00f6bern! Komet Catalina (C\/2013 US 10) vom 20. Dezember 2015 Hier gibt&#8217;s die Bilder von der Mondfinsternis 2015 Das war die Sonnenfinsternis 2015! Neugierig? Dann unten Klicken!\u2026<\/p>\n<p class=\"continue-reading-button\"> <a class=\"continue-reading-link\" href=\"https:\/\/www.sgo-online.de\/astro\/hallo-sterngucker\/\">Weiter lesen&#8230;.<i class=\"crycon-right-dir\"><\/i><\/a><\/p>\n","protected":false},"author":1,"featured_media":2496,"parent":0,"menu_order":1,"comment_status":"closed","ping_status":"open","template":"templates\/template-onecolumn.php","meta":{"ngg_post_thumbnail":0,"footnotes":""},"class_list":["post-44","page","type-page","status-publish","has-post-thumbnail","hentry"],"yoast_head":"<!-- This site is optimized with the Yoast SEO plugin v26.3 - https:\/\/yoast.com\/wordpress\/plugins\/seo\/ -->\n<title>Hallo Sterngucker<\/title>\n<meta name=\"description\" content=\"Willkommen auf meiner kleinen astronomischen Seite! F\u00fcr alle Sterngucker, Nachteulen, Monds\u00fcchtigen und Planetenj\u00e4ger gibt es hier was zu schauen!\" \/>\n<meta name=\"robots\" content=\"index, follow, max-snippet:-1, max-image-preview:large, max-video-preview:-1\" \/>\n<link rel=\"canonical\" href=\"https:\/\/www.sgo-online.de\/astro\/hallo-sterngucker\/\" \/>\n<meta property=\"og:locale\" content=\"de_DE\" \/>\n<meta property=\"og:type\" content=\"article\" \/>\n<meta property=\"og:title\" content=\"Hallo Sterngucker\" \/>\n<meta property=\"og:description\" content=\"Willkommen auf meiner kleinen astronomischen Seite! F\u00fcr alle Sterngucker, Nachteulen, Monds\u00fcchtigen und Planetenj\u00e4ger gibt es hier was zu schauen!\" \/>\n<meta property=\"og:url\" content=\"https:\/\/www.sgo-online.de\/astro\/hallo-sterngucker\/\" \/>\n<meta property=\"og:site_name\" content=\"Stefans Gartenobservatorium\" \/>\n<meta property=\"article:publisher\" content=\"https:\/\/www.facebook.com\/stefan.griessinger\" \/>\n<meta property=\"article:modified_time\" content=\"2016-01-24T10:53:39+00:00\" \/>\n<meta property=\"og:image\" content=\"https:\/\/www.sgo-online.de\/astro\/wp-content\/uploads\/2014\/07\/astrokurs-1.jpg\" \/>\n\t<meta property=\"og:image:width\" content=\"400\" \/>\n\t<meta property=\"og:image:height\" content=\"267\" \/>\n\t<meta property=\"og:image:type\" content=\"image\/jpeg\" \/>\n<meta name=\"twitter:card\" content=\"summary_large_image\" \/>\n<script type=\"application\/ld+json\" class=\"yoast-schema-graph\">{\"@context\":\"https:\/\/schema.org\",\"@graph\":[{\"@type\":\"WebPage\",\"@id\":\"https:\/\/www.sgo-online.de\/astro\/hallo-sterngucker\/\",\"url\":\"https:\/\/www.sgo-online.de\/astro\/hallo-sterngucker\/\",\"name\":\"Hallo Sterngucker\",\"isPartOf\":{\"@id\":\"https:\/\/www.sgo-online.de\/astro\/#website\"},\"primaryImageOfPage\":{\"@id\":\"https:\/\/www.sgo-online.de\/astro\/hallo-sterngucker\/#primaryimage\"},\"image\":{\"@id\":\"https:\/\/www.sgo-online.de\/astro\/hallo-sterngucker\/#primaryimage\"},\"thumbnailUrl\":\"https:\/\/www.sgo-online.de\/astro\/wp-content\/uploads\/2014\/07\/astrokurs-1.jpg\",\"datePublished\":\"2011-06-04T18:14:29+00:00\",\"dateModified\":\"2016-01-24T10:53:39+00:00\",\"description\":\"Willkommen auf meiner kleinen astronomischen Seite! F\u00fcr alle Sterngucker, Nachteulen, Monds\u00fcchtigen und Planetenj\u00e4ger gibt es hier was zu schauen!\",\"breadcrumb\":{\"@id\":\"https:\/\/www.sgo-online.de\/astro\/hallo-sterngucker\/#breadcrumb\"},\"inLanguage\":\"de\",\"potentialAction\":[{\"@type\":\"ReadAction\",\"target\":[\"https:\/\/www.sgo-online.de\/astro\/hallo-sterngucker\/\"]}]},{\"@type\":\"ImageObject\",\"inLanguage\":\"de\",\"@id\":\"https:\/\/www.sgo-online.de\/astro\/hallo-sterngucker\/#primaryimage\",\"url\":\"https:\/\/www.sgo-online.de\/astro\/wp-content\/uploads\/2014\/07\/astrokurs-1.jpg\",\"contentUrl\":\"https:\/\/www.sgo-online.de\/astro\/wp-content\/uploads\/2014\/07\/astrokurs-1.jpg\",\"width\":400,\"height\":267},{\"@type\":\"BreadcrumbList\",\"@id\":\"https:\/\/www.sgo-online.de\/astro\/hallo-sterngucker\/#breadcrumb\",\"itemListElement\":[{\"@type\":\"ListItem\",\"position\":1,\"name\":\"Home\",\"item\":\"https:\/\/www.sgo-online.de\/astro\/\"},{\"@type\":\"ListItem\",\"position\":2,\"name\":\"Hallo Sterngucker!\"}]},{\"@type\":\"WebSite\",\"@id\":\"https:\/\/www.sgo-online.de\/astro\/#website\",\"url\":\"https:\/\/www.sgo-online.de\/astro\/\",\"name\":\"Stefans Gartenobservatorium\",\"description\":\"30 Jahre on Tour to the Stars\",\"publisher\":{\"@id\":\"https:\/\/www.sgo-online.de\/astro\/#organization\"},\"potentialAction\":[{\"@type\":\"SearchAction\",\"target\":{\"@type\":\"EntryPoint\",\"urlTemplate\":\"https:\/\/www.sgo-online.de\/astro\/?s={search_term_string}\"},\"query-input\":{\"@type\":\"PropertyValueSpecification\",\"valueRequired\":true,\"valueName\":\"search_term_string\"}}],\"inLanguage\":\"de\"},{\"@type\":\"Organization\",\"@id\":\"https:\/\/www.sgo-online.de\/astro\/#organization\",\"name\":\"Stefans Gartenobservatorium\",\"url\":\"https:\/\/www.sgo-online.de\/astro\/\",\"logo\":{\"@type\":\"ImageObject\",\"inLanguage\":\"de\",\"@id\":\"https:\/\/www.sgo-online.de\/astro\/#\/schema\/logo\/image\/\",\"url\":\"https:\/\/www.sgo-online.de\/astro\/wp-content\/uploads\/2020\/11\/logo-astro-klama-bw.jpg\",\"contentUrl\":\"https:\/\/www.sgo-online.de\/astro\/wp-content\/uploads\/2020\/11\/logo-astro-klama-bw.jpg\",\"width\":1125,\"height\":1125,\"caption\":\"Stefans Gartenobservatorium\"},\"image\":{\"@id\":\"https:\/\/www.sgo-online.de\/astro\/#\/schema\/logo\/image\/\"},\"sameAs\":[\"https:\/\/www.facebook.com\/stefan.griessinger\",\"https:\/\/www.instagram.com\/sgo2000\/?hl=de\",\"https:\/\/www.youtube.com\/user\/natprax\"]}]}<\/script>\n<!-- \/ Yoast SEO plugin. -->","yoast_head_json":{"title":"Hallo Sterngucker","description":"Willkommen auf meiner kleinen astronomischen Seite! F\u00fcr alle Sterngucker, Nachteulen, Monds\u00fcchtigen und Planetenj\u00e4ger gibt es hier was zu schauen!","robots":{"index":"index","follow":"follow","max-snippet":"max-snippet:-1","max-image-preview":"max-image-preview:large","max-video-preview":"max-video-preview:-1"},"canonical":"https:\/\/www.sgo-online.de\/astro\/hallo-sterngucker\/","og_locale":"de_DE","og_type":"article","og_title":"Hallo Sterngucker","og_description":"Willkommen auf meiner kleinen astronomischen Seite! F\u00fcr alle Sterngucker, Nachteulen, Monds\u00fcchtigen und Planetenj\u00e4ger gibt es hier was zu schauen!","og_url":"https:\/\/www.sgo-online.de\/astro\/hallo-sterngucker\/","og_site_name":"Stefans Gartenobservatorium","article_publisher":"https:\/\/www.facebook.com\/stefan.griessinger","article_modified_time":"2016-01-24T10:53:39+00:00","og_image":[{"width":400,"height":267,"url":"https:\/\/www.sgo-online.de\/astro\/wp-content\/uploads\/2014\/07\/astrokurs-1.jpg","type":"image\/jpeg"}],"twitter_card":"summary_large_image","schema":{"@context":"https:\/\/schema.org","@graph":[{"@type":"WebPage","@id":"https:\/\/www.sgo-online.de\/astro\/hallo-sterngucker\/","url":"https:\/\/www.sgo-online.de\/astro\/hallo-sterngucker\/","name":"Hallo Sterngucker","isPartOf":{"@id":"https:\/\/www.sgo-online.de\/astro\/#website"},"primaryImageOfPage":{"@id":"https:\/\/www.sgo-online.de\/astro\/hallo-sterngucker\/#primaryimage"},"image":{"@id":"https:\/\/www.sgo-online.de\/astro\/hallo-sterngucker\/#primaryimage"},"thumbnailUrl":"https:\/\/www.sgo-online.de\/astro\/wp-content\/uploads\/2014\/07\/astrokurs-1.jpg","datePublished":"2011-06-04T18:14:29+00:00","dateModified":"2016-01-24T10:53:39+00:00","description":"Willkommen auf meiner kleinen astronomischen Seite! F\u00fcr alle Sterngucker, Nachteulen, Monds\u00fcchtigen und Planetenj\u00e4ger gibt es hier was zu schauen!","breadcrumb":{"@id":"https:\/\/www.sgo-online.de\/astro\/hallo-sterngucker\/#breadcrumb"},"inLanguage":"de","potentialAction":[{"@type":"ReadAction","target":["https:\/\/www.sgo-online.de\/astro\/hallo-sterngucker\/"]}]},{"@type":"ImageObject","inLanguage":"de","@id":"https:\/\/www.sgo-online.de\/astro\/hallo-sterngucker\/#primaryimage","url":"https:\/\/www.sgo-online.de\/astro\/wp-content\/uploads\/2014\/07\/astrokurs-1.jpg","contentUrl":"https:\/\/www.sgo-online.de\/astro\/wp-content\/uploads\/2014\/07\/astrokurs-1.jpg","width":400,"height":267},{"@type":"BreadcrumbList","@id":"https:\/\/www.sgo-online.de\/astro\/hallo-sterngucker\/#breadcrumb","itemListElement":[{"@type":"ListItem","position":1,"name":"Home","item":"https:\/\/www.sgo-online.de\/astro\/"},{"@type":"ListItem","position":2,"name":"Hallo Sterngucker!"}]},{"@type":"WebSite","@id":"https:\/\/www.sgo-online.de\/astro\/#website","url":"https:\/\/www.sgo-online.de\/astro\/","name":"Stefans Gartenobservatorium","description":"30 Jahre on Tour to the Stars","publisher":{"@id":"https:\/\/www.sgo-online.de\/astro\/#organization"},"potentialAction":[{"@type":"SearchAction","target":{"@type":"EntryPoint","urlTemplate":"https:\/\/www.sgo-online.de\/astro\/?s={search_term_string}"},"query-input":{"@type":"PropertyValueSpecification","valueRequired":true,"valueName":"search_term_string"}}],"inLanguage":"de"},{"@type":"Organization","@id":"https:\/\/www.sgo-online.de\/astro\/#organization","name":"Stefans Gartenobservatorium","url":"https:\/\/www.sgo-online.de\/astro\/","logo":{"@type":"ImageObject","inLanguage":"de","@id":"https:\/\/www.sgo-online.de\/astro\/#\/schema\/logo\/image\/","url":"https:\/\/www.sgo-online.de\/astro\/wp-content\/uploads\/2020\/11\/logo-astro-klama-bw.jpg","contentUrl":"https:\/\/www.sgo-online.de\/astro\/wp-content\/uploads\/2020\/11\/logo-astro-klama-bw.jpg","width":1125,"height":1125,"caption":"Stefans Gartenobservatorium"},"image":{"@id":"https:\/\/www.sgo-online.de\/astro\/#\/schema\/logo\/image\/"},"sameAs":["https:\/\/www.facebook.com\/stefan.griessinger","https:\/\/www.instagram.com\/sgo2000\/?hl=de","https:\/\/www.youtube.com\/user\/natprax"]}]}},"_links":{"self":[{"href":"https:\/\/www.sgo-online.de\/astro\/wp-json\/wp\/v2\/pages\/44","targetHints":{"allow":["GET"]}}],"collection":[{"href":"https:\/\/www.sgo-online.de\/astro\/wp-json\/wp\/v2\/pages"}],"about":[{"href":"https:\/\/www.sgo-online.de\/astro\/wp-json\/wp\/v2\/types\/page"}],"author":[{"embeddable":true,"href":"https:\/\/www.sgo-online.de\/astro\/wp-json\/wp\/v2\/users\/1"}],"replies":[{"embeddable":true,"href":"https:\/\/www.sgo-online.de\/astro\/wp-json\/wp\/v2\/comments?post=44"}],"version-history":[{"count":160,"href":"https:\/\/www.sgo-online.de\/astro\/wp-json\/wp\/v2\/pages\/44\/revisions"}],"predecessor-version":[{"id":3309,"href":"https:\/\/www.sgo-online.de\/astro\/wp-json\/wp\/v2\/pages\/44\/revisions\/3309"}],"wp:featuredmedia":[{"embeddable":true,"href":"https:\/\/www.sgo-online.de\/astro\/wp-json\/wp\/v2\/media\/2496"}],"wp:attachment":[{"href":"https:\/\/www.sgo-online.de\/astro\/wp-json\/wp\/v2\/media?parent=44"}],"curies":[{"name":"wp","href":"https:\/\/api.w.org\/{rel}","templated":true}]}}